
{"id":2219,"date":"2021-02-28T15:55:15","date_gmt":"2021-05-26T19:21:13","guid":{"rendered":"https:\/\/remy-an-noemie.lu\/product\/fresch-uebstzalot\/"},"modified":"2021-05-26T19:21:13","modified_gmt":"2021-05-26T19:21:13","slug":"frischer-obstsalat-2","status":"publish","type":"product","link":"https:\/\/remy-an-noemie.lu\/lb\/produit\/frischer-obstsalat-2\/","title":{"rendered":"Fr\u00ebsch Uebstzalot"},"content":{"rendered":"","protected":false},"excerpt":{"rendered":"<p class=\"p1\">Zesummestellung vun verschiddenem fr\u00ebschem Uebst mat fr\u00ebsch epresstem Orang\u00ebjus.<\/p>\n<ul>\n<li>Allergenen: &#8211;<\/li>\n<li>Erh\u00e4ltlech: D\u00ebnschdes bis Freides<\/li>\n<\/ul>\n","protected":false},"featured_media":1820,"template":"","meta":[],"product_cat":[110,109],"product_tag":[],"class_list":["post-2219","product","type-product","status-publish","has-post-thumbnail","hentry","product_cat-dessert-lb","product_cat-to-go-lb"],"_links":{"self":[{"href":"https:\/\/remy-an-noemie.lu\/lb\/wp-json\/wp\/v2\/product\/2219","targetHints":{"allow":["GET"]}}],"collection":[{"href":"https:\/\/remy-an-noemie.lu\/lb\/wp-json\/wp\/v2\/product"}],"about":[{"href":"https:\/\/remy-an-noemie.lu\/lb\/wp-json\/wp\/v2\/types\/product"}],"wp:featuredmedia":[{"embeddable":true,"href":"https:\/\/remy-an-noemie.lu\/lb\/wp-json\/wp\/v2\/media\/1820"}],"wp:attachment":[{"href":"https:\/\/remy-an-noemie.lu\/lb\/wp-json\/wp\/v2\/media?parent=2219"}],"wp:term":[{"taxonomy":"product_cat","embeddable":true,"href":"https:\/\/remy-an-noemie.lu\/lb\/wp-json\/wp\/v2\/product_cat?post=2219"},{"taxonomy":"product_tag","embeddable":true,"href":"https:\/\/remy-an-noemie.lu\/lb\/wp-json\/wp\/v2\/product_tag?post=2219"}],"curies":[{"name":"wp","href":"https:\/\/api.w.org\/{rel}","templated":true}]}}