
{"id":2201,"date":"2021-02-28T15:27:30","date_gmt":"2021-05-26T19:13:35","guid":{"rendered":"https:\/\/remy-an-noemie.lu\/product\/kebab-sandwich\/"},"modified":"2021-05-26T19:14:06","modified_gmt":"2021-05-26T19:14:06","slug":"kebab-sandwich","status":"publish","type":"product","link":"https:\/\/remy-an-noemie.lu\/lb\/produit\/kebab-sandwich\/","title":{"rendered":"Kebab-Sandwich"},"content":{"rendered":"","protected":false},"excerpt":{"rendered":"<p class=\"p1\">Ciabatta Br\u00f6tchen, Sauce Tartar, gebratenes H\u00fchnchen, Blattsalat und Tomate.aCiabatta Br\u00e9itchen, Sauce Tartar, gebrodene Poulet, Zalot an Tomat.<\/p>\n<ul>\n<li>Allergenen: Gluten, Laktos, Ee\u00ebr<\/li>\n<li>Erh\u00e4ltlech: D\u00ebnschdes bis Freides<\/li>\n<\/ul>\n","protected":false},"featured_media":0,"template":"","meta":[],"product_cat":[105,104],"product_tag":[],"class_list":["post-2201","product","type-product","status-publish","hentry","product_cat-sandwich-lb","product_cat-traiteur-lb"],"_links":{"self":[{"href":"https:\/\/remy-an-noemie.lu\/lb\/wp-json\/wp\/v2\/product\/2201","targetHints":{"allow":["GET"]}}],"collection":[{"href":"https:\/\/remy-an-noemie.lu\/lb\/wp-json\/wp\/v2\/product"}],"about":[{"href":"https:\/\/remy-an-noemie.lu\/lb\/wp-json\/wp\/v2\/types\/product"}],"wp:attachment":[{"href":"https:\/\/remy-an-noemie.lu\/lb\/wp-json\/wp\/v2\/media?parent=2201"}],"wp:term":[{"taxonomy":"product_cat","embeddable":true,"href":"https:\/\/remy-an-noemie.lu\/lb\/wp-json\/wp\/v2\/product_cat?post=2201"},{"taxonomy":"product_tag","embeddable":true,"href":"https:\/\/remy-an-noemie.lu\/lb\/wp-json\/wp\/v2\/product_tag?post=2201"}],"curies":[{"name":"wp","href":"https:\/\/api.w.org\/{rel}","templated":true}]}}