
{"id":2175,"date":"2021-04-25T16:48:38","date_gmt":"2021-05-26T18:49:21","guid":{"rendered":"https:\/\/remy-an-noemie.lu\/product\/orangekuch\/"},"modified":"2021-05-26T18:49:22","modified_gmt":"2021-05-26T18:49:22","slug":"orangenkuchen","status":"publish","type":"product","link":"https:\/\/remy-an-noemie.lu\/lb\/produit\/orangenkuchen\/","title":{"rendered":"Orang\u00ebkuch"},"content":{"rendered":"","protected":false},"excerpt":{"rendered":"<p>S\u00e4ftege Kuch mat Orang\u00ebjus.<\/p>\n<ul>\n<li>Gr\u00e9issten: Kleng an Grouss<\/li>\n<li>Pr\u00e4is ab:<\/li>\n<li>Allergenen: Gluten, Laktos, Ee\u00ebr, Lupine<\/li>\n<li>Erh\u00e4ltlech: D\u00ebnschdes bis Samschdes<\/li>\n<\/ul>\n","protected":false},"featured_media":2438,"template":"","meta":[],"product_cat":[99,95],"product_tag":[],"class_list":["post-2175","product","type-product","status-publish","has-post-thumbnail","hentry","product_cat-cakes-lb","product_cat-patisserie-lb"],"_links":{"self":[{"href":"https:\/\/remy-an-noemie.lu\/lb\/wp-json\/wp\/v2\/product\/2175","targetHints":{"allow":["GET"]}}],"collection":[{"href":"https:\/\/remy-an-noemie.lu\/lb\/wp-json\/wp\/v2\/product"}],"about":[{"href":"https:\/\/remy-an-noemie.lu\/lb\/wp-json\/wp\/v2\/types\/product"}],"wp:featuredmedia":[{"embeddable":true,"href":"https:\/\/remy-an-noemie.lu\/lb\/wp-json\/wp\/v2\/media\/2438"}],"wp:attachment":[{"href":"https:\/\/remy-an-noemie.lu\/lb\/wp-json\/wp\/v2\/media?parent=2175"}],"wp:term":[{"taxonomy":"product_cat","embeddable":true,"href":"https:\/\/remy-an-noemie.lu\/lb\/wp-json\/wp\/v2\/product_cat?post=2175"},{"taxonomy":"product_tag","embeddable":true,"href":"https:\/\/remy-an-noemie.lu\/lb\/wp-json\/wp\/v2\/product_tag?post=2175"}],"curies":[{"name":"wp","href":"https:\/\/api.w.org\/{rel}","templated":true}]}}