
{"id":2170,"date":"2021-04-25T16:47:42","date_gmt":"2021-05-26T18:40:42","guid":{"rendered":"https:\/\/remy-an-noemie.lu\/product\/quetschentaertchen\/"},"modified":"2021-05-26T18:40:45","modified_gmt":"2021-05-26T18:40:45","slug":"zwetschgentoertchen","status":"publish","type":"product","link":"https:\/\/remy-an-noemie.lu\/lb\/produit\/zwetschgentoertchen\/","title":{"rendered":"Quetschent\u00e4rtchen"},"content":{"rendered":"","protected":false},"excerpt":{"rendered":"<p>Hiefdeeg mat fr\u00ebsch entk\u00e4rte Quetschen.<\/p>\n<ul>\n<li>Pr\u00e4is ab:<\/li>\n<li>Allergenen: Gluten, Laktos, Ee\u00ebr<\/li>\n<li>Erh\u00e4ltlech: D\u00ebnschdes bis Sonndes<\/li>\n<\/ul>\n","protected":false},"featured_media":0,"template":"","meta":[],"product_cat":[95,98],"product_tag":[],"class_list":["post-2170","product","type-product","status-publish","hentry","product_cat-patisserie-lb","product_cat-taart-an-taertecher"],"_links":{"self":[{"href":"https:\/\/remy-an-noemie.lu\/lb\/wp-json\/wp\/v2\/product\/2170","targetHints":{"allow":["GET"]}}],"collection":[{"href":"https:\/\/remy-an-noemie.lu\/lb\/wp-json\/wp\/v2\/product"}],"about":[{"href":"https:\/\/remy-an-noemie.lu\/lb\/wp-json\/wp\/v2\/types\/product"}],"wp:attachment":[{"href":"https:\/\/remy-an-noemie.lu\/lb\/wp-json\/wp\/v2\/media?parent=2170"}],"wp:term":[{"taxonomy":"product_cat","embeddable":true,"href":"https:\/\/remy-an-noemie.lu\/lb\/wp-json\/wp\/v2\/product_cat?post=2170"},{"taxonomy":"product_tag","embeddable":true,"href":"https:\/\/remy-an-noemie.lu\/lb\/wp-json\/wp\/v2\/product_tag?post=2170"}],"curies":[{"name":"wp","href":"https:\/\/api.w.org\/{rel}","templated":true}]}}