
{"id":2168,"date":"2021-04-25T16:47:03","date_gmt":"2021-05-26T18:40:09","guid":{"rendered":"https:\/\/remy-an-noemie.lu\/product\/mirabellentaertchen\/"},"modified":"2021-05-26T18:40:09","modified_gmt":"2021-05-26T18:40:09","slug":"mirabellentoertchen-2","status":"publish","type":"product","link":"https:\/\/remy-an-noemie.lu\/lb\/produit\/mirabellentoertchen-2\/","title":{"rendered":"Mirabellent\u00e4rtchen"},"content":{"rendered":"","protected":false},"excerpt":{"rendered":"<p>Zockerdeeg, fr\u00ebsch entk\u00e4rte Mirabellen an Taartejus.<\/p>\n<ul>\n<li>Pr\u00e4is ab:<\/li>\n<li>Allergenen: Gluten, Laktos, Ee\u00ebr<\/li>\n<li>Erh\u00e4ltlech: D\u00ebnschdes bis Samschdes<\/li>\n<\/ul>\n","protected":false},"featured_media":0,"template":"","meta":[],"product_cat":[95,98],"product_tag":[],"class_list":["post-2168","product","type-product","status-publish","hentry","product_cat-patisserie-lb","product_cat-taart-an-taertecher"],"_links":{"self":[{"href":"https:\/\/remy-an-noemie.lu\/lb\/wp-json\/wp\/v2\/product\/2168","targetHints":{"allow":["GET"]}}],"collection":[{"href":"https:\/\/remy-an-noemie.lu\/lb\/wp-json\/wp\/v2\/product"}],"about":[{"href":"https:\/\/remy-an-noemie.lu\/lb\/wp-json\/wp\/v2\/types\/product"}],"wp:attachment":[{"href":"https:\/\/remy-an-noemie.lu\/lb\/wp-json\/wp\/v2\/media?parent=2168"}],"wp:term":[{"taxonomy":"product_cat","embeddable":true,"href":"https:\/\/remy-an-noemie.lu\/lb\/wp-json\/wp\/v2\/product_cat?post=2168"},{"taxonomy":"product_tag","embeddable":true,"href":"https:\/\/remy-an-noemie.lu\/lb\/wp-json\/wp\/v2\/product_tag?post=2168"}],"curies":[{"name":"wp","href":"https:\/\/api.w.org\/{rel}","templated":true}]}}