
{"id":2163,"date":"2021-04-25T16:45:04","date_gmt":"2021-05-26T18:38:10","guid":{"rendered":"https:\/\/remy-an-noemie.lu\/product\/kiischtentaart-mat-fresche-kiischten\/"},"modified":"2021-05-26T18:38:37","modified_gmt":"2021-05-26T18:38:37","slug":"kirschentorte-mit-frischen-kirschen","status":"publish","type":"product","link":"https:\/\/remy-an-noemie.lu\/lb\/produit\/kirschentorte-mit-frischen-kirschen\/","title":{"rendered":"Kiischtentaart mat fr\u00ebsche Kiischten"},"content":{"rendered":"","protected":false},"excerpt":{"rendered":"<p>Zockerdeeg, fr\u00ebsch entk\u00e4rte Kiischten an Taartejus. (Kann Kirschkerne enthalten)<\/p>\n<ul>\n<li>Gr\u00e9issten: Kleng, M\u00ebttel, Grouss<\/li>\n<li>Pr\u00e4is ab:<\/li>\n<li>Allergenen: Gluten, Laktos, Ee\u00ebr<\/li>\n<li>Erh\u00e4ltlech: D\u00ebnschdes bis Samschdes<\/li>\n<\/ul>\n","protected":false},"featured_media":1958,"template":"","meta":[],"product_cat":[95,98],"product_tag":[],"class_list":["post-2163","product","type-product","status-publish","has-post-thumbnail","hentry","product_cat-patisserie-lb","product_cat-taart-an-taertecher"],"_links":{"self":[{"href":"https:\/\/remy-an-noemie.lu\/lb\/wp-json\/wp\/v2\/product\/2163","targetHints":{"allow":["GET"]}}],"collection":[{"href":"https:\/\/remy-an-noemie.lu\/lb\/wp-json\/wp\/v2\/product"}],"about":[{"href":"https:\/\/remy-an-noemie.lu\/lb\/wp-json\/wp\/v2\/types\/product"}],"wp:featuredmedia":[{"embeddable":true,"href":"https:\/\/remy-an-noemie.lu\/lb\/wp-json\/wp\/v2\/media\/1958"}],"wp:attachment":[{"href":"https:\/\/remy-an-noemie.lu\/lb\/wp-json\/wp\/v2\/media?parent=2163"}],"wp:term":[{"taxonomy":"product_cat","embeddable":true,"href":"https:\/\/remy-an-noemie.lu\/lb\/wp-json\/wp\/v2\/product_cat?post=2163"},{"taxonomy":"product_tag","embeddable":true,"href":"https:\/\/remy-an-noemie.lu\/lb\/wp-json\/wp\/v2\/product_tag?post=2163"}],"curies":[{"name":"wp","href":"https:\/\/api.w.org\/{rel}","templated":true}]}}