
{"id":2157,"date":"2021-04-25T16:43:25","date_gmt":"2021-05-26T18:34:29","guid":{"rendered":"https:\/\/remy-an-noemie.lu\/product\/beschfriichtentaertchen\/"},"modified":"2021-05-26T18:34:29","modified_gmt":"2021-05-26T18:34:29","slug":"waldfruchttoertchen-2","status":"publish","type":"product","link":"https:\/\/remy-an-noemie.lu\/lb\/produit\/waldfruchttoertchen-2\/","title":{"rendered":"B\u00ebschfriichtent\u00e4rtchen"},"content":{"rendered":"","protected":false},"excerpt":{"rendered":"<p>Zockerdeeg, Diplomatscr\u00e8me, B\u00ebschfriichtencr\u00e9meux, Hammbiersgebeess a fr\u00ebsch B\u00ebschfriichten.<\/p>\n<ul>\n<li>Pr\u00e4is ab:<\/li>\n<li>Allergenen: Gluten, Laktos, Ee\u00ebr, Lupine<\/li>\n<li>Erh\u00e4ltlech: D\u00ebnschdes bis Samschdes<\/li>\n<\/ul>\n","protected":false},"featured_media":1791,"template":"","meta":[],"product_cat":[95,98],"product_tag":[],"class_list":["post-2157","product","type-product","status-publish","has-post-thumbnail","hentry","product_cat-patisserie-lb","product_cat-taart-an-taertecher"],"_links":{"self":[{"href":"https:\/\/remy-an-noemie.lu\/lb\/wp-json\/wp\/v2\/product\/2157","targetHints":{"allow":["GET"]}}],"collection":[{"href":"https:\/\/remy-an-noemie.lu\/lb\/wp-json\/wp\/v2\/product"}],"about":[{"href":"https:\/\/remy-an-noemie.lu\/lb\/wp-json\/wp\/v2\/types\/product"}],"wp:featuredmedia":[{"embeddable":true,"href":"https:\/\/remy-an-noemie.lu\/lb\/wp-json\/wp\/v2\/media\/1791"}],"wp:attachment":[{"href":"https:\/\/remy-an-noemie.lu\/lb\/wp-json\/wp\/v2\/media?parent=2157"}],"wp:term":[{"taxonomy":"product_cat","embeddable":true,"href":"https:\/\/remy-an-noemie.lu\/lb\/wp-json\/wp\/v2\/product_cat?post=2157"},{"taxonomy":"product_tag","embeddable":true,"href":"https:\/\/remy-an-noemie.lu\/lb\/wp-json\/wp\/v2\/product_tag?post=2157"}],"curies":[{"name":"wp","href":"https:\/\/api.w.org\/{rel}","templated":true}]}}