
{"id":2146,"date":"2021-04-25T16:37:29","date_gmt":"2021-05-26T18:28:49","guid":{"rendered":"https:\/\/remy-an-noemie.lu\/product\/aeppeltaart\/"},"modified":"2021-05-26T18:28:51","modified_gmt":"2021-05-26T18:28:51","slug":"apfeltorte","status":"publish","type":"product","link":"https:\/\/remy-an-noemie.lu\/lb\/produit\/apfeltorte\/","title":{"rendered":"\u00c4ppeltaart"},"content":{"rendered":"","protected":false},"excerpt":{"rendered":"<p>Zockerdeeg, fr\u00ebsch \u00c4ppel, Kan\u00e9ilzocker an Taartejus.<\/p>\n<ul>\n<li>Gr\u00e9issten: Kleng, M\u00ebttel, Grouss<\/li>\n<li>Pr\u00e4is ab:<\/li>\n<li>Allergenen: Gluten, Laktos, Ee\u00ebr<\/li>\n<li>Erh\u00e4ltlech: D\u00ebnschdes bis Sonndes<\/li>\n<\/ul>\n","protected":false},"featured_media":1967,"template":"","meta":[],"product_cat":[95,98],"product_tag":[],"class_list":["post-2146","product","type-product","status-publish","has-post-thumbnail","hentry","product_cat-patisserie-lb","product_cat-taart-an-taertecher"],"_links":{"self":[{"href":"https:\/\/remy-an-noemie.lu\/lb\/wp-json\/wp\/v2\/product\/2146","targetHints":{"allow":["GET"]}}],"collection":[{"href":"https:\/\/remy-an-noemie.lu\/lb\/wp-json\/wp\/v2\/product"}],"about":[{"href":"https:\/\/remy-an-noemie.lu\/lb\/wp-json\/wp\/v2\/types\/product"}],"wp:featuredmedia":[{"embeddable":true,"href":"https:\/\/remy-an-noemie.lu\/lb\/wp-json\/wp\/v2\/media\/1967"}],"wp:attachment":[{"href":"https:\/\/remy-an-noemie.lu\/lb\/wp-json\/wp\/v2\/media?parent=2146"}],"wp:term":[{"taxonomy":"product_cat","embeddable":true,"href":"https:\/\/remy-an-noemie.lu\/lb\/wp-json\/wp\/v2\/product_cat?post=2146"},{"taxonomy":"product_tag","embeddable":true,"href":"https:\/\/remy-an-noemie.lu\/lb\/wp-json\/wp\/v2\/product_tag?post=2146"}],"curies":[{"name":"wp","href":"https:\/\/api.w.org\/{rel}","templated":true}]}}