
{"id":2141,"date":"2021-04-25T16:34:43","date_gmt":"2021-05-26T18:24:34","guid":{"rendered":"https:\/\/remy-an-noemie.lu\/product\/hammbier-beschfriichten-mousse\/"},"modified":"2021-05-26T18:24:36","modified_gmt":"2021-05-26T18:24:36","slug":"himbeer-waldfrucht-mousse","status":"publish","type":"product","link":"https:\/\/remy-an-noemie.lu\/lb\/produit\/himbeer-waldfrucht-mousse\/","title":{"rendered":"Hammbier-B\u00ebschfriichten Mousse"},"content":{"rendered":"","protected":false},"excerpt":{"rendered":"<p>Biscuit, Hammbiersmousse, B\u00ebschfriichtencr\u00e9meux a mat rouder Glasur iwwerzunn.<\/p>\n<ul>\n<li>Gr\u00e9issten: 10 verschidden Gr\u00e9issten<\/li>\n<li>Pr\u00e4is ab:<\/li>\n<li>Allergenen: Gluten, Laktos, Ee\u00ebr<\/li>\n<li>Erh\u00e4ltlech: Op Bestellung<\/li>\n<\/ul>\n","protected":false},"featured_media":0,"template":"","meta":[],"product_cat":[97,95],"product_tag":[],"class_list":["post-2141","product","type-product","status-publish","hentry","product_cat-entremet","product_cat-patisserie-lb"],"_links":{"self":[{"href":"https:\/\/remy-an-noemie.lu\/lb\/wp-json\/wp\/v2\/product\/2141","targetHints":{"allow":["GET"]}}],"collection":[{"href":"https:\/\/remy-an-noemie.lu\/lb\/wp-json\/wp\/v2\/product"}],"about":[{"href":"https:\/\/remy-an-noemie.lu\/lb\/wp-json\/wp\/v2\/types\/product"}],"wp:attachment":[{"href":"https:\/\/remy-an-noemie.lu\/lb\/wp-json\/wp\/v2\/media?parent=2141"}],"wp:term":[{"taxonomy":"product_cat","embeddable":true,"href":"https:\/\/remy-an-noemie.lu\/lb\/wp-json\/wp\/v2\/product_cat?post=2141"},{"taxonomy":"product_tag","embeddable":true,"href":"https:\/\/remy-an-noemie.lu\/lb\/wp-json\/wp\/v2\/product_tag?post=2141"}],"curies":[{"name":"wp","href":"https:\/\/api.w.org\/{rel}","templated":true}]}}