
{"id":2140,"date":"2021-04-25T16:34:17","date_gmt":"2021-05-26T18:24:13","guid":{"rendered":"https:\/\/remy-an-noemie.lu\/product\/schoko-delice\/"},"modified":"2021-05-26T18:24:15","modified_gmt":"2021-05-26T18:24:15","slug":"schoko-delice-2","status":"publish","type":"product","link":"https:\/\/remy-an-noemie.lu\/lb\/produit\/schoko-delice-2\/","title":{"rendered":"Schoko-Delice"},"content":{"rendered":"","protected":false},"excerpt":{"rendered":"<p>Schockelabiscuit, M\u00ebllech- a w\u00e4iss Schockelasmousse, Hammbierst\u00e9cker a Schockelasglasur.<\/p>\n<ul>\n<li>Gr\u00e9issten: 10 verschidden Gr\u00e9issten<\/li>\n<li>Pr\u00e4is ab:<\/li>\n<li>Allergenen: Gluten, Laktos, Ee\u00ebr, Lupine<\/li>\n<li>Erh\u00e4ltlech: Op Bestellung<\/li>\n<\/ul>\n","protected":false},"featured_media":2000,"template":"","meta":[],"product_cat":[97,95],"product_tag":[],"class_list":["post-2140","product","type-product","status-publish","has-post-thumbnail","hentry","product_cat-entremet","product_cat-patisserie-lb"],"_links":{"self":[{"href":"https:\/\/remy-an-noemie.lu\/lb\/wp-json\/wp\/v2\/product\/2140","targetHints":{"allow":["GET"]}}],"collection":[{"href":"https:\/\/remy-an-noemie.lu\/lb\/wp-json\/wp\/v2\/product"}],"about":[{"href":"https:\/\/remy-an-noemie.lu\/lb\/wp-json\/wp\/v2\/types\/product"}],"wp:featuredmedia":[{"embeddable":true,"href":"https:\/\/remy-an-noemie.lu\/lb\/wp-json\/wp\/v2\/media\/2000"}],"wp:attachment":[{"href":"https:\/\/remy-an-noemie.lu\/lb\/wp-json\/wp\/v2\/media?parent=2140"}],"wp:term":[{"taxonomy":"product_cat","embeddable":true,"href":"https:\/\/remy-an-noemie.lu\/lb\/wp-json\/wp\/v2\/product_cat?post=2140"},{"taxonomy":"product_tag","embeddable":true,"href":"https:\/\/remy-an-noemie.lu\/lb\/wp-json\/wp\/v2\/product_tag?post=2140"}],"curies":[{"name":"wp","href":"https:\/\/api.w.org\/{rel}","templated":true}]}}