
{"id":2139,"date":"2021-04-25T16:34:01","date_gmt":"2021-05-26T18:23:41","guid":{"rendered":"https:\/\/remy-an-noemie.lu\/product\/bond\/"},"modified":"2021-05-26T18:23:44","modified_gmt":"2021-05-26T18:23:44","slug":"butterkrem-torte","status":"publish","type":"product","link":"https:\/\/remy-an-noemie.lu\/lb\/produit\/butterkrem-torte\/","title":{"rendered":"Bond"},"content":{"rendered":"","protected":false},"excerpt":{"rendered":"<p>Mat Sirop getr\u00e4nke Biscuit mat Bottercr\u00e8me. 15 Minutte virun der Degustatioun op Z\u00ebmmertemperatur temper\u00e9ieren.<\/p>\n<ul>\n<li>Gr\u00e9issten: 10 verschidden Gr\u00e9issten<\/li>\n<li>Pr\u00e4is ab:<\/li>\n<li>Allergenen: Gluten, Laktos, Ee\u00ebr, Lupine<\/li>\n<li>Erh\u00e4ltlech: Op Bestellung<\/li>\n<\/ul>\n","protected":false},"featured_media":2523,"template":"","meta":[],"product_cat":[97,95],"product_tag":[],"class_list":["post-2139","product","type-product","status-publish","has-post-thumbnail","hentry","product_cat-entremet","product_cat-patisserie-lb"],"_links":{"self":[{"href":"https:\/\/remy-an-noemie.lu\/lb\/wp-json\/wp\/v2\/product\/2139","targetHints":{"allow":["GET"]}}],"collection":[{"href":"https:\/\/remy-an-noemie.lu\/lb\/wp-json\/wp\/v2\/product"}],"about":[{"href":"https:\/\/remy-an-noemie.lu\/lb\/wp-json\/wp\/v2\/types\/product"}],"wp:featuredmedia":[{"embeddable":true,"href":"https:\/\/remy-an-noemie.lu\/lb\/wp-json\/wp\/v2\/media\/2523"}],"wp:attachment":[{"href":"https:\/\/remy-an-noemie.lu\/lb\/wp-json\/wp\/v2\/media?parent=2139"}],"wp:term":[{"taxonomy":"product_cat","embeddable":true,"href":"https:\/\/remy-an-noemie.lu\/lb\/wp-json\/wp\/v2\/product_cat?post=2139"},{"taxonomy":"product_tag","embeddable":true,"href":"https:\/\/remy-an-noemie.lu\/lb\/wp-json\/wp\/v2\/product_tag?post=2139"}],"curies":[{"name":"wp","href":"https:\/\/api.w.org\/{rel}","templated":true}]}}