
{"id":2138,"date":"2021-04-25T16:33:45","date_gmt":"2021-05-26T18:23:09","guid":{"rendered":"https:\/\/remy-an-noemie.lu\/product\/schwarzwaelder\/"},"modified":"2021-05-26T18:23:11","modified_gmt":"2021-05-26T18:23:11","slug":"schwarzwaelder-kirschtorte-2","status":"publish","type":"product","link":"https:\/\/remy-an-noemie.lu\/lb\/produit\/schwarzwaelder-kirschtorte-2\/","title":{"rendered":"Schwarzw\u00e4lder"},"content":{"rendered":"","protected":false},"excerpt":{"rendered":"<p>Schockelasbiscuit, mat Kirsch getr\u00e4nkte Kiischten, Schlagsan, Schockelasmousse a mat Schockelassp\u00e9in garn\u00e9iert<\/p>\n<ul>\n<li>Gr\u00e9issten: Kleng, M\u00ebttel, Grouss<\/li>\n<li>Pr\u00e4is ab:<\/li>\n<li>Allergenen: Gluten, Laktos, Ee\u00ebr, Lupine<\/li>\n<li>Erh\u00e4ltlech: Op Bestellung<\/li>\n<\/ul>\n","protected":false},"featured_media":1758,"template":"","meta":[],"product_cat":[97,95],"product_tag":[],"class_list":["post-2138","product","type-product","status-publish","has-post-thumbnail","hentry","product_cat-entremet","product_cat-patisserie-lb"],"_links":{"self":[{"href":"https:\/\/remy-an-noemie.lu\/lb\/wp-json\/wp\/v2\/product\/2138","targetHints":{"allow":["GET"]}}],"collection":[{"href":"https:\/\/remy-an-noemie.lu\/lb\/wp-json\/wp\/v2\/product"}],"about":[{"href":"https:\/\/remy-an-noemie.lu\/lb\/wp-json\/wp\/v2\/types\/product"}],"wp:featuredmedia":[{"embeddable":true,"href":"https:\/\/remy-an-noemie.lu\/lb\/wp-json\/wp\/v2\/media\/1758"}],"wp:attachment":[{"href":"https:\/\/remy-an-noemie.lu\/lb\/wp-json\/wp\/v2\/media?parent=2138"}],"wp:term":[{"taxonomy":"product_cat","embeddable":true,"href":"https:\/\/remy-an-noemie.lu\/lb\/wp-json\/wp\/v2\/product_cat?post=2138"},{"taxonomy":"product_tag","embeddable":true,"href":"https:\/\/remy-an-noemie.lu\/lb\/wp-json\/wp\/v2\/product_tag?post=2138"}],"curies":[{"name":"wp","href":"https:\/\/api.w.org\/{rel}","templated":true}]}}