
{"id":2132,"date":"2021-04-25T16:30:36","date_gmt":"2021-05-26T18:18:30","guid":{"rendered":"https:\/\/remy-an-noemie.lu\/product\/hammbier-beschfriichtemousse\/"},"modified":"2021-05-26T18:18:31","modified_gmt":"2021-05-26T18:18:31","slug":"himbeer-waldfruchtmousse","status":"publish","type":"product","link":"https:\/\/remy-an-noemie.lu\/lb\/produit\/himbeer-waldfruchtmousse\/","title":{"rendered":"Hammbier-B\u00ebschfriichtemousse"},"content":{"rendered":"","protected":false},"excerpt":{"rendered":"<p>Biscuit, Hammbiersmousse, B\u00ebschfriichtencr\u00e9meux a mat rouder Glasur iwwerzunn.<\/p>\n<ul>\n<li>Pr\u00e4is ab:<\/li>\n<li>Allergenen: Gluten, Laktos, Ee\u00ebr<\/li>\n<li>Erh\u00e4ltlech: D\u00ebnschdes bis Samschdes<\/li>\n<\/ul>\n","protected":false},"featured_media":0,"template":"","meta":[],"product_cat":[96,95],"product_tag":[],"class_list":["post-2132","product","type-product","status-publish","hentry","product_cat-individuell-lb","product_cat-patisserie-lb"],"_links":{"self":[{"href":"https:\/\/remy-an-noemie.lu\/lb\/wp-json\/wp\/v2\/product\/2132","targetHints":{"allow":["GET"]}}],"collection":[{"href":"https:\/\/remy-an-noemie.lu\/lb\/wp-json\/wp\/v2\/product"}],"about":[{"href":"https:\/\/remy-an-noemie.lu\/lb\/wp-json\/wp\/v2\/types\/product"}],"wp:attachment":[{"href":"https:\/\/remy-an-noemie.lu\/lb\/wp-json\/wp\/v2\/media?parent=2132"}],"wp:term":[{"taxonomy":"product_cat","embeddable":true,"href":"https:\/\/remy-an-noemie.lu\/lb\/wp-json\/wp\/v2\/product_cat?post=2132"},{"taxonomy":"product_tag","embeddable":true,"href":"https:\/\/remy-an-noemie.lu\/lb\/wp-json\/wp\/v2\/product_tag?post=2132"}],"curies":[{"name":"wp","href":"https:\/\/api.w.org\/{rel}","templated":true}]}}