
{"id":2126,"date":"2021-04-25T16:28:32","date_gmt":"2021-05-26T18:16:15","guid":{"rendered":"https:\/\/remy-an-noemie.lu\/product\/trueffelskuch\/"},"modified":"2021-05-26T18:16:16","modified_gmt":"2021-05-26T18:16:16","slug":"trueffeltorte","status":"publish","type":"product","link":"https:\/\/remy-an-noemie.lu\/lb\/produit\/trueffeltorte\/","title":{"rendered":"Tr\u00fcffelskuch"},"content":{"rendered":"","protected":false},"excerpt":{"rendered":"<p>Schockelasbiscuit, M\u00ebllechschockelasganache, Schockelasbottercr\u00e8me a mat enger M\u00ebllechschockelasglasur iwwerzunn.<\/p>\n<ul>\n<li>Pr\u00e4is ab:<\/li>\n<li>Allergenen: Gluten, Laktos, Ee\u00ebr, Lupine, N\u00ebss<\/li>\n<li>Erh\u00e4ltlech: D\u00ebnschdes bis Sonndes<\/li>\n<\/ul>\n","protected":false},"featured_media":1955,"template":"","meta":[],"product_cat":[96,95],"product_tag":[],"class_list":["post-2126","product","type-product","status-publish","has-post-thumbnail","hentry","product_cat-individuell-lb","product_cat-patisserie-lb"],"_links":{"self":[{"href":"https:\/\/remy-an-noemie.lu\/lb\/wp-json\/wp\/v2\/product\/2126","targetHints":{"allow":["GET"]}}],"collection":[{"href":"https:\/\/remy-an-noemie.lu\/lb\/wp-json\/wp\/v2\/product"}],"about":[{"href":"https:\/\/remy-an-noemie.lu\/lb\/wp-json\/wp\/v2\/types\/product"}],"wp:featuredmedia":[{"embeddable":true,"href":"https:\/\/remy-an-noemie.lu\/lb\/wp-json\/wp\/v2\/media\/1955"}],"wp:attachment":[{"href":"https:\/\/remy-an-noemie.lu\/lb\/wp-json\/wp\/v2\/media?parent=2126"}],"wp:term":[{"taxonomy":"product_cat","embeddable":true,"href":"https:\/\/remy-an-noemie.lu\/lb\/wp-json\/wp\/v2\/product_cat?post=2126"},{"taxonomy":"product_tag","embeddable":true,"href":"https:\/\/remy-an-noemie.lu\/lb\/wp-json\/wp\/v2\/product_tag?post=2126"}],"curies":[{"name":"wp","href":"https:\/\/api.w.org\/{rel}","templated":true}]}}