
{"id":2125,"date":"2021-04-25T16:28:13","date_gmt":"2021-05-26T18:15:31","guid":{"rendered":"https:\/\/remy-an-noemie.lu\/product\/religieuse\/"},"modified":"2021-05-26T18:15:32","modified_gmt":"2021-05-26T18:15:32","slug":"religieuse","status":"publish","type":"product","link":"https:\/\/remy-an-noemie.lu\/lb\/produit\/religieuse\/","title":{"rendered":"Religieuse"},"content":{"rendered":"","protected":false},"excerpt":{"rendered":"<p>Zwee Chouxen mat Kaffiscr\u00e8me a Schockelascr\u00e8me gef\u00ebllt. Garn\u00e9iert mat Fondant a Bottercr\u00e8me.<\/p>\n<ul>\n<li>Pr\u00e4is ab:<\/li>\n<li>Allergenen: Gluten, Laktos, Ee\u00ebr, Lupine<\/li>\n<li>Erh\u00e4ltlech: D\u00ebnschdes bis Samschdes<\/li>\n<\/ul>\n","protected":false},"featured_media":1826,"template":"","meta":[],"product_cat":[96,95],"product_tag":[],"class_list":["post-2125","product","type-product","status-publish","has-post-thumbnail","hentry","product_cat-individuell-lb","product_cat-patisserie-lb"],"_links":{"self":[{"href":"https:\/\/remy-an-noemie.lu\/lb\/wp-json\/wp\/v2\/product\/2125","targetHints":{"allow":["GET"]}}],"collection":[{"href":"https:\/\/remy-an-noemie.lu\/lb\/wp-json\/wp\/v2\/product"}],"about":[{"href":"https:\/\/remy-an-noemie.lu\/lb\/wp-json\/wp\/v2\/types\/product"}],"wp:featuredmedia":[{"embeddable":true,"href":"https:\/\/remy-an-noemie.lu\/lb\/wp-json\/wp\/v2\/media\/1826"}],"wp:attachment":[{"href":"https:\/\/remy-an-noemie.lu\/lb\/wp-json\/wp\/v2\/media?parent=2125"}],"wp:term":[{"taxonomy":"product_cat","embeddable":true,"href":"https:\/\/remy-an-noemie.lu\/lb\/wp-json\/wp\/v2\/product_cat?post=2125"},{"taxonomy":"product_tag","embeddable":true,"href":"https:\/\/remy-an-noemie.lu\/lb\/wp-json\/wp\/v2\/product_tag?post=2125"}],"curies":[{"name":"wp","href":"https:\/\/api.w.org\/{rel}","templated":true}]}}