
{"id":2121,"date":"2021-04-25T16:27:01","date_gmt":"2021-05-26T18:13:25","guid":{"rendered":"https:\/\/remy-an-noemie.lu\/product\/schoko-delice\/"},"modified":"2021-05-26T18:13:25","modified_gmt":"2021-05-26T18:13:25","slug":"schoko-delice-3","status":"publish","type":"product","link":"https:\/\/remy-an-noemie.lu\/lb\/produit\/schoko-delice-3\/","title":{"rendered":"Schoko-Delice"},"content":{"rendered":"","protected":false},"excerpt":{"rendered":"<p>Schockelabiscuit, M\u00ebllech- a w\u00e4iss Schockelasmousse, Hammbierst\u00e9cker a Schockelasglasur.<\/p>\n<ul>\n<li>Pr\u00e4is ab:<\/li>\n<li>Allergenen: Gluten, Laktos, Ee\u00ebr, Lupine<\/li>\n<li>Erh\u00e4ltlech: D\u00ebnschdes bis Samschdes<\/li>\n<\/ul>\n","protected":false},"featured_media":1997,"template":"","meta":[],"product_cat":[96,95],"product_tag":[],"class_list":["post-2121","product","type-product","status-publish","has-post-thumbnail","hentry","product_cat-individuell-lb","product_cat-patisserie-lb"],"_links":{"self":[{"href":"https:\/\/remy-an-noemie.lu\/lb\/wp-json\/wp\/v2\/product\/2121","targetHints":{"allow":["GET"]}}],"collection":[{"href":"https:\/\/remy-an-noemie.lu\/lb\/wp-json\/wp\/v2\/product"}],"about":[{"href":"https:\/\/remy-an-noemie.lu\/lb\/wp-json\/wp\/v2\/types\/product"}],"wp:featuredmedia":[{"embeddable":true,"href":"https:\/\/remy-an-noemie.lu\/lb\/wp-json\/wp\/v2\/media\/1997"}],"wp:attachment":[{"href":"https:\/\/remy-an-noemie.lu\/lb\/wp-json\/wp\/v2\/media?parent=2121"}],"wp:term":[{"taxonomy":"product_cat","embeddable":true,"href":"https:\/\/remy-an-noemie.lu\/lb\/wp-json\/wp\/v2\/product_cat?post=2121"},{"taxonomy":"product_tag","embeddable":true,"href":"https:\/\/remy-an-noemie.lu\/lb\/wp-json\/wp\/v2\/product_tag?post=2121"}],"curies":[{"name":"wp","href":"https:\/\/api.w.org\/{rel}","templated":true}]}}