
{"id":2120,"date":"2021-04-25T16:26:41","date_gmt":"2021-05-26T18:12:32","guid":{"rendered":"https:\/\/remy-an-noemie.lu\/product\/vanillseclair\/"},"modified":"2021-05-26T18:13:18","modified_gmt":"2021-05-26T18:13:18","slug":"vanille-eclair","status":"publish","type":"product","link":"https:\/\/remy-an-noemie.lu\/lb\/produit\/vanille-eclair\/","title":{"rendered":"Vanillseclair"},"content":{"rendered":"","protected":false},"excerpt":{"rendered":"<p>De frans\u00e9ische Klassiker! P\u00e2te \u00e0 choux, Vanillscr\u00e8me an zockers\u00e9isse Fondant.<\/p>\n<ul>\n<li>Pr\u00e4is ab:<\/li>\n<li>Allergenen: Gluten, Laktos, Ee\u00ebr<\/li>\n<li>Erh\u00e4ltlech: D\u00ebnschdes bis Sonndes<\/li>\n<\/ul>\n","protected":false},"featured_media":1808,"template":"","meta":[],"product_cat":[96,95],"product_tag":[],"class_list":["post-2120","product","type-product","status-publish","has-post-thumbnail","hentry","product_cat-individuell-lb","product_cat-patisserie-lb"],"_links":{"self":[{"href":"https:\/\/remy-an-noemie.lu\/lb\/wp-json\/wp\/v2\/product\/2120","targetHints":{"allow":["GET"]}}],"collection":[{"href":"https:\/\/remy-an-noemie.lu\/lb\/wp-json\/wp\/v2\/product"}],"about":[{"href":"https:\/\/remy-an-noemie.lu\/lb\/wp-json\/wp\/v2\/types\/product"}],"wp:featuredmedia":[{"embeddable":true,"href":"https:\/\/remy-an-noemie.lu\/lb\/wp-json\/wp\/v2\/media\/1808"}],"wp:attachment":[{"href":"https:\/\/remy-an-noemie.lu\/lb\/wp-json\/wp\/v2\/media?parent=2120"}],"wp:term":[{"taxonomy":"product_cat","embeddable":true,"href":"https:\/\/remy-an-noemie.lu\/lb\/wp-json\/wp\/v2\/product_cat?post=2120"},{"taxonomy":"product_tag","embeddable":true,"href":"https:\/\/remy-an-noemie.lu\/lb\/wp-json\/wp\/v2\/product_tag?post=2120"}],"curies":[{"name":"wp","href":"https:\/\/api.w.org\/{rel}","templated":true}]}}