
{"id":2045,"date":"2021-04-25T16:21:44","date_gmt":"2021-04-25T21:27:06","guid":{"rendered":"https:\/\/remy-an-noemie.lu\/product\/bottertretz\/"},"modified":"2021-04-25T21:27:07","modified_gmt":"2021-04-25T21:27:07","slug":"butterzopf","status":"publish","type":"product","link":"https:\/\/remy-an-noemie.lu\/lb\/produit\/butterzopf\/","title":{"rendered":"Bottertr\u00ebtz"},"content":{"rendered":"","protected":false},"excerpt":{"rendered":"<p>Eng schw\u00e4izer Spezialit\u00e9it. Geflechten Hiefdeeg mat h\u00e9ijem Botterundeel.<\/p>\n<ul>\n<li>Pr\u00e4is ab:<\/li>\n<li>Allergenen: Gluten, Laktos, Ee\u00ebr<\/li>\n<li>Erh\u00e4ltlech: Samschdes<\/li>\n<\/ul>\n","protected":false},"featured_media":0,"template":"","meta":[],"product_cat":[94,67],"product_tag":[],"class_list":["post-2045","product","type-product","status-publish","hentry","product_cat-brioche-lb","product_cat-baeckerei-lb"],"_links":{"self":[{"href":"https:\/\/remy-an-noemie.lu\/lb\/wp-json\/wp\/v2\/product\/2045","targetHints":{"allow":["GET"]}}],"collection":[{"href":"https:\/\/remy-an-noemie.lu\/lb\/wp-json\/wp\/v2\/product"}],"about":[{"href":"https:\/\/remy-an-noemie.lu\/lb\/wp-json\/wp\/v2\/types\/product"}],"wp:attachment":[{"href":"https:\/\/remy-an-noemie.lu\/lb\/wp-json\/wp\/v2\/media?parent=2045"}],"wp:term":[{"taxonomy":"product_cat","embeddable":true,"href":"https:\/\/remy-an-noemie.lu\/lb\/wp-json\/wp\/v2\/product_cat?post=2045"},{"taxonomy":"product_tag","embeddable":true,"href":"https:\/\/remy-an-noemie.lu\/lb\/wp-json\/wp\/v2\/product_tag?post=2045"}],"curies":[{"name":"wp","href":"https:\/\/api.w.org\/{rel}","templated":true}]}}