
{"id":2033,"date":"2021-04-25T16:16:44","date_gmt":"2021-04-25T21:23:39","guid":{"rendered":"https:\/\/remy-an-noemie.lu\/product\/twist\/"},"modified":"2021-04-25T21:23:40","modified_gmt":"2021-04-25T21:23:40","slug":"twist","status":"publish","type":"product","link":"https:\/\/remy-an-noemie.lu\/lb\/produit\/twist\/","title":{"rendered":"Twist"},"content":{"rendered":"","protected":false},"excerpt":{"rendered":"<p>Plunderdeeg mat puerem Botter gef\u00ebllt mat Vanillscr\u00e8me a Schockelasst\u00e9cker.<\/p>\n<ul>\n<li>Pr\u00e4is ab:<\/li>\n<li>Allergenen: Gluten, Laktos, Ee\u00ebr<\/li>\n<li>Erh\u00e4ltlech: D\u00ebnschdes bis Samschdes<\/li>\n<\/ul>\n","protected":false},"featured_media":2411,"template":"","meta":[],"product_cat":[93,67],"product_tag":[],"class_list":["post-2033","product","type-product","status-publish","has-post-thumbnail","hentry","product_cat-metschen","product_cat-baeckerei-lb"],"_links":{"self":[{"href":"https:\/\/remy-an-noemie.lu\/lb\/wp-json\/wp\/v2\/product\/2033","targetHints":{"allow":["GET"]}}],"collection":[{"href":"https:\/\/remy-an-noemie.lu\/lb\/wp-json\/wp\/v2\/product"}],"about":[{"href":"https:\/\/remy-an-noemie.lu\/lb\/wp-json\/wp\/v2\/types\/product"}],"wp:featuredmedia":[{"embeddable":true,"href":"https:\/\/remy-an-noemie.lu\/lb\/wp-json\/wp\/v2\/media\/2411"}],"wp:attachment":[{"href":"https:\/\/remy-an-noemie.lu\/lb\/wp-json\/wp\/v2\/media?parent=2033"}],"wp:term":[{"taxonomy":"product_cat","embeddable":true,"href":"https:\/\/remy-an-noemie.lu\/lb\/wp-json\/wp\/v2\/product_cat?post=2033"},{"taxonomy":"product_tag","embeddable":true,"href":"https:\/\/remy-an-noemie.lu\/lb\/wp-json\/wp\/v2\/product_tag?post=2033"}],"curies":[{"name":"wp","href":"https:\/\/api.w.org\/{rel}","templated":true}]}}