
{"id":2031,"date":"2021-04-25T16:16:11","date_gmt":"2021-04-25T21:22:43","guid":{"rendered":"https:\/\/remy-an-noemie.lu\/product\/aeppelschneck\/"},"modified":"2021-04-25T21:22:45","modified_gmt":"2021-04-25T21:22:45","slug":"apfelschnecke","status":"publish","type":"product","link":"https:\/\/remy-an-noemie.lu\/lb\/produit\/apfelschnecke\/","title":{"rendered":"\u00c4ppelschneck"},"content":{"rendered":"","protected":false},"excerpt":{"rendered":"<p>Plunderdeeg mat puerem Botter gef\u00ebllt mat Vanillscr\u00e8me, \u00c4ppelst\u00e9cker, Kan\u00e9il a garn\u00e9iert mat Streisel.<\/p>\n<ul>\n<li>Pr\u00e4is ab:<\/li>\n<li>Allergenen: Gluten, Laktos, Ee\u00ebr<\/li>\n<li>Erh\u00e4ltlech: D\u00ebnschdes bis Sonndes<\/li>\n<\/ul>\n","protected":false},"featured_media":2384,"template":"","meta":[],"product_cat":[93,67],"product_tag":[],"class_list":["post-2031","product","type-product","status-publish","has-post-thumbnail","hentry","product_cat-metschen","product_cat-baeckerei-lb"],"_links":{"self":[{"href":"https:\/\/remy-an-noemie.lu\/lb\/wp-json\/wp\/v2\/product\/2031","targetHints":{"allow":["GET"]}}],"collection":[{"href":"https:\/\/remy-an-noemie.lu\/lb\/wp-json\/wp\/v2\/product"}],"about":[{"href":"https:\/\/remy-an-noemie.lu\/lb\/wp-json\/wp\/v2\/types\/product"}],"wp:featuredmedia":[{"embeddable":true,"href":"https:\/\/remy-an-noemie.lu\/lb\/wp-json\/wp\/v2\/media\/2384"}],"wp:attachment":[{"href":"https:\/\/remy-an-noemie.lu\/lb\/wp-json\/wp\/v2\/media?parent=2031"}],"wp:term":[{"taxonomy":"product_cat","embeddable":true,"href":"https:\/\/remy-an-noemie.lu\/lb\/wp-json\/wp\/v2\/product_cat?post=2031"},{"taxonomy":"product_tag","embeddable":true,"href":"https:\/\/remy-an-noemie.lu\/lb\/wp-json\/wp\/v2\/product_tag?post=2031"}],"curies":[{"name":"wp","href":"https:\/\/api.w.org\/{rel}","templated":true}]}}