
{"id":2004,"date":"2020-12-22T23:18:23","date_gmt":"2021-04-25T20:58:03","guid":{"rendered":"https:\/\/remy-an-noemie.lu\/product\/bauerebrout\/"},"modified":"2021-04-25T20:58:04","modified_gmt":"2021-04-25T20:58:04","slug":"bauernbrot","status":"publish","type":"product","link":"https:\/\/remy-an-noemie.lu\/lb\/produit\/bauernbrot\/","title":{"rendered":"Bauerebrout"},"content":{"rendered":"","protected":false},"excerpt":{"rendered":"<p class=\"p1\">Unser Bauernbrot besteht aus luxemburgischem Roggen- und Weizenmehl. Wir verarbeiten in ihm, einen hauseignen Roggensauerteig um dem Teig eine leicht s\u00e4uerliche Note zu geben. Durch eine lange Teigruhe und die Beigabe von Sauerteig ist dieses Brot sehr bek\u00f6mmlich, sehr geschmackvoll und bleibt l\u00e4nger frisch!<\/p>\n<p class=\"p1\">Weess-, Karmiel, Waasser, Kar Sauerdeeg, Hief a Salz.<\/p>\n<ul>\n<li>Pr\u00e4is ab:<\/li>\n<li>Allergenen: Gluten<\/li>\n<li>Erh\u00e4ltlech: D\u00ebnschdes bis Sonndes<\/li>\n<\/ul>\n","protected":false},"featured_media":2327,"template":"","meta":[],"product_cat":[91,67],"product_tag":[],"class_list":["post-2004","product","type-product","status-publish","has-post-thumbnail","hentry","product_cat-brout","product_cat-baeckerei-lb"],"_links":{"self":[{"href":"https:\/\/remy-an-noemie.lu\/lb\/wp-json\/wp\/v2\/product\/2004","targetHints":{"allow":["GET"]}}],"collection":[{"href":"https:\/\/remy-an-noemie.lu\/lb\/wp-json\/wp\/v2\/product"}],"about":[{"href":"https:\/\/remy-an-noemie.lu\/lb\/wp-json\/wp\/v2\/types\/product"}],"wp:featuredmedia":[{"embeddable":true,"href":"https:\/\/remy-an-noemie.lu\/lb\/wp-json\/wp\/v2\/media\/2327"}],"wp:attachment":[{"href":"https:\/\/remy-an-noemie.lu\/lb\/wp-json\/wp\/v2\/media?parent=2004"}],"wp:term":[{"taxonomy":"product_cat","embeddable":true,"href":"https:\/\/remy-an-noemie.lu\/lb\/wp-json\/wp\/v2\/product_cat?post=2004"},{"taxonomy":"product_tag","embeddable":true,"href":"https:\/\/remy-an-noemie.lu\/lb\/wp-json\/wp\/v2\/product_tag?post=2004"}],"curies":[{"name":"wp","href":"https:\/\/api.w.org\/{rel}","templated":true}]}}