
{"id":1620,"date":"2021-03-01T13:09:48","date_gmt":"2021-03-01T13:09:48","guid":{"rendered":"http:\/\/remy-an-noemie.lu\/produkter\/traiteur\/"},"modified":"2021-09-02T11:54:42","modified_gmt":"2021-09-02T11:54:42","slug":"traiteur","status":"publish","type":"page","link":"https:\/\/remy-an-noemie.lu\/lb\/produkter\/traiteur\/","title":{"rendered":"Traiteur"},"content":{"rendered":"<p>[vc_row full_width=&#8221;stretch_row_content_no_spaces&#8221;][vc_column]\n\t\t\t<!-- START SliderTraiteur REVOLUTION SLIDER 6.2.1 --><p class=\"rs-p-wp-fix\"><\/p>\n\t\t\t<rs-module-wrap id=\"rev_slider_14_1_wrapper\" data-source=\"gallery\" style=\"background:transparent;padding:0;margin:0px auto;margin-top:0;margin-bottom:0;max-width:\">\n\t\t\t\t<rs-module id=\"rev_slider_14_1\" style=\"display:none;\" data-version=\"6.2.1\">\n\t\t\t\t\t<rs-slides>\n\t\t\t\t\t\t<rs-slide data-key=\"rs-51\" data-title=\"Slide\" data-anim=\"ei:d;eo:d;s:1000;r:0;t:fade;sl:0;\">\n\t\t\t\t\t\t\t<img decoding=\"async\" src=\"\/\/remy-an-noemie.lu\/wp-content\/plugins\/revslider\/public\/assets\/assets\/transparent.png\" title=\"Traiteur\" class=\"rev-slidebg\" data-no-retina>\n<!--\n\t\t\t\t\t\t\t--><rs-layer\n\t\t\t\t\t\t\t\tid=\"slider-14-slide-51-layer-0\" \n\t\t\t\t\t\t\t\tdata-type=\"image\"\n\t\t\t\t\t\t\t\tdata-rsp_ch=\"on\"\n\t\t\t\t\t\t\t\tdata-xy=\"x:-338px;y:-225px;\"\n\t\t\t\t\t\t\t\tdata-text=\"w:normal;\"\n\t\t\t\t\t\t\t\tdata-dim=\"w:1909px;h:1272px;\"\n\t\t\t\t\t\t\t\tdata-frame_999=\"o:0;st:w;\"\n\t\t\t\t\t\t\t\tstyle=\"z-index:5;\"\n\t\t\t\t\t\t\t><img loading=\"lazy\" decoding=\"async\" src=\"\/\/remy-an-noemie.lu\/wp-content\/uploads\/2021\/02\/RN-Web-DSC06018-Sandwich-Poulet-Curry.jpg\" width=\"2048\" height=\"1365\" data-no-retina> \n\t\t\t\t\t\t\t<\/rs-layer><!--\n-->\t\t\t\t\t\t<\/rs-slide>\n\t\t\t\t\t\t<rs-slide data-key=\"rs-52\" data-title=\"Slide\" data-anim=\"ei:d;eo:d;s:1000;r:0;t:fade;sl:0;\">\n\t\t\t\t\t\t\t<img decoding=\"async\" src=\"\/\/remy-an-noemie.lu\/wp-content\/plugins\/revslider\/public\/assets\/assets\/transparent.png\" title=\"Traiteur\" class=\"rev-slidebg\" data-no-retina>\n<!--\n\t\t\t\t\t\t\t--><rs-layer\n\t\t\t\t\t\t\t\tid=\"slider-14-slide-52-layer-2\" \n\t\t\t\t\t\t\t\tdata-type=\"image\"\n\t\t\t\t\t\t\t\tdata-rsp_ch=\"on\"\n\t\t\t\t\t\t\t\tdata-xy=\"x:-366px;y:-261px;\"\n\t\t\t\t\t\t\t\tdata-text=\"w:normal;\"\n\t\t\t\t\t\t\t\tdata-dim=\"w:2048px;h:1365px;\"\n\t\t\t\t\t\t\t\tdata-frame_999=\"o:0;st:w;\"\n\t\t\t\t\t\t\t\tstyle=\"z-index:5;\"\n\t\t\t\t\t\t\t><img loading=\"lazy\" decoding=\"async\" src=\"\/\/remy-an-noemie.lu\/wp-content\/uploads\/2021\/02\/RN-Web-DSC06257-Salami-Sandwich.jpg\" width=\"2048\" height=\"1365\" data-no-retina> \n\t\t\t\t\t\t\t<\/rs-layer><!--\n-->\t\t\t\t\t\t<\/rs-slide>\n\t\t\t\t\t<\/rs-slides>\n\t\t\t\t\t<rs-progress class=\"rs-bottom\" style=\"visibility: hidden !important;\"><\/rs-progress>\n\t\t\t\t<\/rs-module>\n\t\t\t\t<script type=\"text\/javascript\">\n\t\t\t\t\tsetREVStartSize({c: 'rev_slider_14_1',rl:[1240,1024,778,480],el:[700],gw:[1240],gh:[700],type:'standard',justify:'',layout:'fullwidth',mh:\"0\"});\n\t\t\t\t\tvar\trevapi14,\n\t\t\t\t\t\ttpj;\n\t\t\t\t\tjQuery(function() {\n\t\t\t\t\t\ttpj = jQuery;\n\t\t\t\t\t\tif(tpj(\"#rev_slider_14_1\").revolution == undefined){\n\t\t\t\t\t\t\trevslider_showDoubleJqueryError(\"#rev_slider_14_1\");\n\t\t\t\t\t\t}else{\n\t\t\t\t\t\t\trevapi14 = tpj(\"#rev_slider_14_1\").show().revolution({\n\t\t\t\t\t\t\t\tjsFileLocation:\"\/\/remy-an-noemie.lu\/wp-content\/plugins\/revslider\/public\/assets\/js\/\",\n\t\t\t\t\t\t\t\tvisibilityLevels:\"1240,1024,778,480\",\n\t\t\t\t\t\t\t\tgridwidth:1240,\n\t\t\t\t\t\t\t\tgridheight:700,\n\t\t\t\t\t\t\t\tspinner:\"spinner0\",\n\t\t\t\t\t\t\t\teditorheight:\"700,768,960,720\",\n\t\t\t\t\t\t\t\tresponsiveLevels:\"1240,1024,778,480\",\n\t\t\t\t\t\t\t\tdisableProgressBar:\"on\",\n\t\t\t\t\t\t\t\tnavigation: {\n\t\t\t\t\t\t\t\t\tmouseScrollNavigation:false,\n\t\t\t\t\t\t\t\t\tonHoverStop:false,\n\t\t\t\t\t\t\t\t\tbullets: {\n\t\t\t\t\t\t\t\t\t\tenable:true,\n\t\t\t\t\t\t\t\t\t\ttmp:\"<span class=\\\"tp-bullet-inner\\\"><\/span>\",\n\t\t\t\t\t\t\t\t\t\tstyle:\"uranus\",\n\t\t\t\t\t\t\t\t\t\tspace:10\n\t\t\t\t\t\t\t\t\t}\n\t\t\t\t\t\t\t\t},\n\t\t\t\t\t\t\t\tfallbacks: {\n\t\t\t\t\t\t\t\t\tallowHTML5AutoPlayOnAndroid:true\n\t\t\t\t\t\t\t\t},\n\t\t\t\t\t\t\t});\n\t\t\t\t\t\t}\n\t\t\t\t\t\t\n\t\t\t\t\t});\n\t\t\t\t<\/script>\n\t\t\t\t<script>\n\t\t\t\t\tvar htmlDivCss = unescape(\"%23rev_slider_14_1_wrapper%20.uranus%20.tp-bullet%7B%0A%20%20border-radius%3A%2050%25%3B%0A%20%20box-shadow%3A%200%200%200%202px%20rgba%28255%2C255%2C255%2C0%29%3B%0A%20%20-webkit-transition%3A%20box-shadow%200.3s%20ease%3B%0A%20%20transition%3A%20box-shadow%200.3s%20ease%3B%0A%20%20background%3Atransparent%3B%0A%20%20width%3A15px%3B%0A%20%20height%3A15px%3B%0A%7D%0A%23rev_slider_14_1_wrapper%20.uranus%20.tp-bullet.selected%2C%0A%23rev_slider_14_1_wrapper%20.uranus%20.tp-bullet%3Ahover%20%7B%0A%20%20box-shadow%3A%200%200%200%202px%20rgba%28255%2C255%2C255%2C1%29%3B%0A%20%20border%3Anone%3B%0A%20%20border-radius%3A%2050%25%3B%0A%20%20background%3Atransparent%3B%0A%7D%0A%0A%23rev_slider_14_1_wrapper%20.uranus%20.tp-bullet-inner%20%7B%0A%20%20-webkit-transition%3A%20background-color%200.3s%20ease%2C%20-webkit-transform%200.3s%20ease%3B%0A%20%20transition%3A%20background-color%200.3s%20ease%2C%20transform%200.3s%20ease%3B%0A%20%20top%3A%200%3B%0A%20%20left%3A%200%3B%0A%20%20width%3A%20100%25%3B%0A%20%20height%3A%20100%25%3B%0A%20%20outline%3A%20none%3B%0A%20%20border-radius%3A%2050%25%3B%0A%20%20background-color%3A%20rgba%28255%2C255%2C255%2C0%29%3B%0A%20%20background-color%3A%20rgba%28255%2C255%2C255%2C0.3%29%3B%0A%20%20text-indent%3A%20-999em%3B%0A%20%20cursor%3A%20pointer%3B%0A%20%20position%3A%20absolute%3B%0A%7D%0A%0A%23rev_slider_14_1_wrapper%20.uranus%20.tp-bullet.selected%20.tp-bullet-inner%2C%0A%23rev_slider_14_1_wrapper%20.uranus%20.tp-bullet%3Ahover%20.tp-bullet-inner%7B%0A%20transform%3A%20scale%280.4%29%3B%0A%20-webkit-transform%3A%20scale%280.4%29%3B%0A%20background-color%3Argba%28255%2C255%2C255%2C1%29%3B%0A%7D%0A\");\n\t\t\t\t\tvar htmlDiv = document.getElementById('rs-plugin-settings-inline-css');\n\t\t\t\t\tif(htmlDiv) {\n\t\t\t\t\t\thtmlDiv.innerHTML = htmlDiv.innerHTML + htmlDivCss;\n\t\t\t\t\t}else{\n\t\t\t\t\t\tvar htmlDiv = document.createElement('div');\n\t\t\t\t\t\thtmlDiv.innerHTML = '<style>' + htmlDivCss + '<\/style>';\n\t\t\t\t\t\tdocument.getElementsByTagName('head')[0].appendChild(htmlDiv.childNodes[0]);\n\t\t\t\t\t}\n\t\t\t\t<\/script>\n\t\t\t\t<script>\n\t\t\t\t\tvar htmlDivCss = unescape(\"%0A%0A\");\n\t\t\t\t\tvar htmlDiv = document.getElementById('rs-plugin-settings-inline-css');\n\t\t\t\t\tif(htmlDiv) {\n\t\t\t\t\t\thtmlDiv.innerHTML = htmlDiv.innerHTML + htmlDivCss;\n\t\t\t\t\t}else{\n\t\t\t\t\t\tvar htmlDiv = document.createElement('div');\n\t\t\t\t\t\thtmlDiv.innerHTML = '<style>' + htmlDivCss + '<\/style>';\n\t\t\t\t\t\tdocument.getElementsByTagName('head')[0].appendChild(htmlDiv.childNodes[0]);\n\t\t\t\t\t}\n\t\t\t\t<\/script>\n\t\t\t<\/rs-module-wrap>\n\t\t\t<!-- END REVOLUTION SLIDER -->\n[\/vc_column][\/vc_row][vc_row el_class=&#8221;products-intro&#8221;][vc_column]<div class=\"sc_section aligncenter\"><div class=\"sc_section_inner\">[vc_custom_heading text=&#8221;Traiteur&#8221; font_container=&#8221;tag:h2|text_align:center|color:%233b3b3b&#8221; use_theme_fonts=&#8221;yes&#8221; el_class=&#8221;products-intro-headline&#8221;]<figure class=\"sc_image  sc_image_shape_square signet margin_right_medium margin_left_medium\"><img decoding=\"async\" src=\"https:\/\/remy-an-noemie.lu\/wp-content\/uploads\/2020\/12\/flowers.png\" alt=\"\" \/><\/figure><\/div><\/div>[\/vc_column][\/vc_row][vc_row el_class=&#8221;products-category-block&#8221;][vc_column][vc_row_inner][vc_column_inner width=&#8221;1\/2&#8243;][vc_single_image image=&#8221;2271&#8243; img_size=&#8221;full&#8221;][\/vc_column_inner][vc_column_inner el_class=&#8221;products-category-block-text&#8221; width=&#8221;1\/2&#8243;][vc_column_text]<\/p>\n<h3>Sandwich<\/h3>\n<p>Perfekt fir t\u00ebschenduerch!<\/p>\n<p>Eis Br\u00e9idercher ginn all Dag an eiser B\u00e4ckerei gebak an dono fr\u00ebsch beluecht! Egal op Ham, K\u00e9is oder Ee\u00ebr, natierlech verschaffe mir n\u00ebmmen ausgewielte Produiten &#8211; wa m\u00e9iglech aus der Regioun![\/vc_column_text][\/vc_column_inner][\/vc_row_inner]<div class=\"sc_toggles toggle-products \"><div class=\"sc_toggles_item odd first\"><h5 class=\"sc_toggles_title\"><span class=\"sc_toggles_icon sc_toggles_icon_closed icon-plus\"><\/span><span class=\"sc_toggles_icon sc_toggles_icon_opened icon-minus\"><\/span>Produkte anzeigen<\/h5><div class=\"sc_toggles_content\"><div class=\"woocommerce columns-3 \"><ul class=\"products columns-3\">\n<li class=\"product type-product post-2193 status-publish first instock product_cat-sandwich-lb product_cat-traiteur-lb has-post-thumbnail shipping-taxable product-type-simple\">\n\t<a href=\"https:\/\/remy-an-noemie.lu\/lb\/produit\/salami-sandwich\/\" class=\"button addtocartbutton\">M\u00e9i dozou<\/a><\/li>\n<li class=\"product type-product post-2194 status-publish instock product_cat-sandwich-lb product_cat-traiteur-lb has-post-thumbnail shipping-taxable product-type-simple\">\n\t<a href=\"https:\/\/remy-an-noemie.lu\/lb\/produit\/roher-schinken-sandwich\/\" class=\"button addtocartbutton\">M\u00e9i dozou<\/a><\/li>\n<li class=\"product type-product post-2195 status-publish last instock product_cat-sandwich-lb product_cat-traiteur-lb has-post-thumbnail shipping-taxable product-type-simple\">\n\t<a href=\"https:\/\/remy-an-noemie.lu\/lb\/produit\/gekochter-schinken-sandwich\/\" class=\"button addtocartbutton\">M\u00e9i dozou<\/a><\/li>\n<li class=\"product type-product post-2196 status-publish first instock product_cat-sandwich-lb product_cat-traiteur-lb has-post-thumbnail shipping-taxable product-type-simple\">\n\t<a href=\"https:\/\/remy-an-noemie.lu\/lb\/produit\/schinken-kaese-sandwich\/\" class=\"button addtocartbutton\">M\u00e9i dozou<\/a><\/li>\n<li class=\"product type-product post-2197 status-publish instock product_cat-sandwich-lb product_cat-traiteur-lb has-post-thumbnail shipping-taxable product-type-simple\">\n\t<a href=\"https:\/\/remy-an-noemie.lu\/lb\/produit\/kaese-sandwich\/\" class=\"button addtocartbutton\">M\u00e9i dozou<\/a><\/li>\n<li class=\"product type-product post-2198 status-publish last instock product_cat-sandwich-lb product_cat-traiteur-lb has-post-thumbnail shipping-taxable product-type-simple\">\n\t<a href=\"https:\/\/remy-an-noemie.lu\/lb\/produit\/lachs-sandwich\/\" class=\"button addtocartbutton\">M\u00e9i dozou<\/a><\/li>\n<li class=\"product type-product post-2199 status-publish first instock product_cat-sandwich-lb product_cat-traiteur-lb shipping-taxable product-type-simple\">\n\t<a href=\"https:\/\/remy-an-noemie.lu\/lb\/produit\/filet-americain-sandwich\/\" class=\"button addtocartbutton\">M\u00e9i dozou<\/a><\/li>\n<li class=\"product type-product post-2200 status-publish instock product_cat-sandwich-lb product_cat-traiteur-lb has-post-thumbnail shipping-taxable product-type-simple\">\n\t<a href=\"https:\/\/remy-an-noemie.lu\/lb\/produit\/haehnchen-curry-sandwich\/\" class=\"button addtocartbutton\">M\u00e9i dozou<\/a><\/li>\n<li class=\"product type-product post-2201 status-publish last instock product_cat-sandwich-lb product_cat-traiteur-lb shipping-taxable product-type-simple\">\n\t<a href=\"https:\/\/remy-an-noemie.lu\/lb\/produit\/kebab-sandwich\/\" class=\"button addtocartbutton\">M\u00e9i dozou<\/a><\/li>\n<li class=\"product type-product post-2538 status-publish first instock product_cat-sandwich-lb product_cat-traiteur-lb product_tag-thunfisch-sandwich-lb has-post-thumbnail shipping-taxable product-type-simple\">\n\t<a href=\"https:\/\/remy-an-noemie.lu\/lb\/produit\/thunfisch-sandwich\/\" class=\"button addtocartbutton\">M\u00e9i dozou<\/a><\/li>\n<\/ul>\n<\/div><\/div><\/div><\/div>[\/vc_column][\/vc_row][vc_row el_class=&#8221;products-category-block&#8221;][vc_column][vc_row_inner][vc_column_inner width=&#8221;1\/2&#8243;][vc_single_image image=&#8221;2455&#8243; img_size=&#8221;full&#8221;][\/vc_column_inner][vc_column_inner el_class=&#8221;products-category-block-text&#8221; width=&#8221;1\/2&#8243;][vc_column_text]<\/p>\n<h3>Zaloten<\/h3>\n<p>Do hutt Dir d&#8217;Zalot!<\/p>\n<p>Mir propos\u00e9ieren Iech eng kleng Auswiel un deeglech fr\u00ebsch zesumme gestallten Zaloten Erfr\u00ebschend a gesond: all d\u00ebs Eegenschafte verbannen eis Zaloten, fir dass Dir an \u00e4rer Paus eng Moolzecht gen\u00e9isse k\u00ebnnt, d\u00e9i Iech alles bitt![\/vc_column_text][\/vc_column_inner][\/vc_row_inner]<div class=\"sc_toggles toggle-products \"><div class=\"sc_toggles_item odd first\"><h5 class=\"sc_toggles_title\"><span class=\"sc_toggles_icon sc_toggles_icon_closed icon-plus\"><\/span><span class=\"sc_toggles_icon sc_toggles_icon_opened icon-minus\"><\/span>Produkte anzeigen<\/h5><div class=\"sc_toggles_content\"><div class=\"woocommerce columns-3 \"><ul class=\"products columns-3\">\n<li class=\"product type-product post-2202 status-publish first instock product_cat-traiteur-lb product_cat-zaloten has-post-thumbnail shipping-taxable product-type-simple\">\n\t<a href=\"https:\/\/remy-an-noemie.lu\/lb\/produit\/caesar-salat-2\/\" class=\"button addtocartbutton\">M\u00e9i dozou<\/a><\/li>\n<\/ul>\n<\/div><\/div><\/div><\/div>[\/vc_column][\/vc_row][vc_row el_class=&#8221;products-category-block&#8221;][vc_column][vc_row_inner][vc_column_inner width=&#8221;1\/2&#8243;][vc_single_image image=&#8221;2474&#8243; img_size=&#8221;full&#8221;][\/vc_column_inner][vc_column_inner el_class=&#8221;products-category-block-text&#8221; width=&#8221;1\/2&#8243;][vc_column_text]<\/p>\n<h3>Wraps<\/h3>\n<p>D`Moolzecht fir t\u00ebschenduerch.<\/p>\n<p>Tortilla, fr\u00ebscht Gem\u00e9is, gebrodene Poulet oder dach l\u00e9iwer Saumon? Eis Wraps hunn alles wat dir fir eng equilibr\u00e9iert Moolzecht fir t\u00ebschenduerch braucht.[\/vc_column_text][\/vc_column_inner][\/vc_row_inner]<div class=\"sc_toggles toggle-products \"><div class=\"sc_toggles_item odd first\"><h5 class=\"sc_toggles_title\"><span class=\"sc_toggles_icon sc_toggles_icon_closed icon-plus\"><\/span><span class=\"sc_toggles_icon sc_toggles_icon_opened icon-minus\"><\/span>Produkte anzeigen<\/h5><div class=\"sc_toggles_content\"><div class=\"woocommerce columns-3 \"><\/div><\/div><\/div><\/div>[\/vc_column][\/vc_row][vc_row el_class=&#8221;products-category-block&#8221;][vc_column][vc_row_inner][vc_column_inner width=&#8221;1\/2&#8243;][vc_single_image image=&#8221;2484&#8243; img_size=&#8221;full&#8221;][\/vc_column_inner][vc_column_inner el_class=&#8221;products-category-block-text&#8221; width=&#8221;1\/2&#8243;][vc_column_text]<\/p>\n<h3>Aperitif \/ Snacks<\/h3>\n<p>Ee Maufel fir all Gelee\u00ebnheet!<\/p>\n<p>Als Aperitif oder als Entr\u00e9e, fir dass Dir \u00e4r Moolzecht mat engem Laache starte kennt, propos\u00e9iere mir Iech ee klengt Sortiment un h\u00e4erzhafte Schneekegkeeten. Op Canap\u00e9, Rieslingspascht\u00e9it oder Quiche Lorraine: an eiser kaler Kiche kre\u00e9iere mir vill Schneekegkeeten![\/vc_column_text][\/vc_column_inner][\/vc_row_inner]<div class=\"sc_toggles toggle-products \"><div class=\"sc_toggles_item odd first\"><h5 class=\"sc_toggles_title\"><span class=\"sc_toggles_icon sc_toggles_icon_closed icon-plus\"><\/span><span class=\"sc_toggles_icon sc_toggles_icon_opened icon-minus\"><\/span>Produkte anzeigen<\/h5><div class=\"sc_toggles_content\"><div class=\"woocommerce columns-3 \"><ul class=\"products columns-3\">\n<li class=\"product type-product post-2216 status-publish first instock product_cat-aperitif-snacks product_cat-traiteur-lb has-post-thumbnail shipping-taxable product-type-simple\">\n\t<a href=\"https:\/\/remy-an-noemie.lu\/lb\/produit\/gemischte-mini-sandwich\/\" class=\"button addtocartbutton\">M\u00e9i dozou<\/a><\/li>\n<\/ul>\n<\/div><\/div><\/div><\/div>[\/vc_column][\/vc_row]<\/p>\n","protected":false},"excerpt":{"rendered":"<p>[vc_row full_width=&#8221;stretch_row_content_no_spaces&#8221;][vc_column][\/vc_column][\/vc_row][vc_row el_class=&#8221;products-intro&#8221;][vc_column][\/vc_column][\/vc_row][vc_row el_class=&#8221;products-category-block&#8221;][vc_column][vc_row_inner][vc_column_inner width=&#8221;1\/2&#8243;][vc_single_image image=&#8221;2271&#8243; img_size=&#8221;full&#8221;][\/vc_column_inner][vc_column_inner el_class=&#8221;products-category-block-text&#8221; width=&#8221;1\/2&#8243;][vc_column_text] Sandwich Perfekt fir t\u00ebschenduerch! Eis Br\u00e9idercher ginn all Dag an eiser B\u00e4ckerei gebak an dono fr\u00ebsch beluecht! Egal op Ham, K\u00e9is oder Ee\u00ebr, natierlech verschaffe mir n\u00ebmmen ausgewielte Produiten &#8211; wa m\u00e9iglech aus der Regioun![\/vc_column_text][\/vc_column_inner][\/vc_row_inner][\/vc_column][\/vc_row][vc_row el_class=&#8221;products-category-block&#8221;][vc_column][vc_row_inner][vc_column_inner width=&#8221;1\/2&#8243;][vc_single_image image=&#8221;2455&#8243; img_size=&#8221;full&#8221;][\/vc_column_inner][vc_column_inner el_class=&#8221;products-category-block-text&#8221; width=&#8221;1\/2&#8243;][vc_column_text] Zaloten Do hutt Dir d&#8217;Zalot! [&hellip;]<\/p>\n","protected":false},"author":1,"featured_media":0,"parent":1273,"menu_order":0,"comment_status":"closed","ping_status":"closed","template":"","meta":{"footnotes":""},"class_list":["post-1620","page","type-page","status-publish","hentry"],"_links":{"self":[{"href":"https:\/\/remy-an-noemie.lu\/lb\/wp-json\/wp\/v2\/pages\/1620","targetHints":{"allow":["GET"]}}],"collection":[{"href":"https:\/\/remy-an-noemie.lu\/lb\/wp-json\/wp\/v2\/pages"}],"about":[{"href":"https:\/\/remy-an-noemie.lu\/lb\/wp-json\/wp\/v2\/types\/page"}],"author":[{"embeddable":true,"href":"https:\/\/remy-an-noemie.lu\/lb\/wp-json\/wp\/v2\/users\/1"}],"replies":[{"embeddable":true,"href":"https:\/\/remy-an-noemie.lu\/lb\/wp-json\/wp\/v2\/comments?post=1620"}],"version-history":[{"count":30,"href":"https:\/\/remy-an-noemie.lu\/lb\/wp-json\/wp\/v2\/pages\/1620\/revisions"}],"predecessor-version":[{"id":2607,"href":"https:\/\/remy-an-noemie.lu\/lb\/wp-json\/wp\/v2\/pages\/1620\/revisions\/2607"}],"up":[{"embeddable":true,"href":"https:\/\/remy-an-noemie.lu\/lb\/wp-json\/wp\/v2\/pages\/1273"}],"wp:attachment":[{"href":"https:\/\/remy-an-noemie.lu\/lb\/wp-json\/wp\/v2\/media?parent=1620"}],"curies":[{"name":"wp","href":"https:\/\/api.w.org\/{rel}","templated":true}]}}