
{"id":1196,"date":"2020-12-27T10:55:28","date_gmt":"2020-12-27T10:55:28","guid":{"rendered":"http:\/\/remy-an-noemie.lu\/baeckerei-2\/"},"modified":"2021-05-28T12:04:15","modified_gmt":"2021-05-28T12:04:15","slug":"baeckerei","status":"publish","type":"page","link":"https:\/\/remy-an-noemie.lu\/lb\/produkter\/baeckerei\/","title":{"rendered":"B\u00e4ckerei"},"content":{"rendered":"<p>[vc_row full_width=&#8221;stretch_row_content_no_spaces&#8221;][vc_column]\n\t\t\t<!-- START SliderBaeckerei REVOLUTION SLIDER 6.2.1 --><p class=\"rs-p-wp-fix\"><\/p>\n\t\t\t<rs-module-wrap id=\"rev_slider_10_1_wrapper\" data-source=\"gallery\" style=\"background:transparent;padding:0;margin:0px auto;margin-top:0;margin-bottom:0;max-width:\">\n\t\t\t\t<rs-module id=\"rev_slider_10_1\" style=\"display:none;\" data-version=\"6.2.1\">\n\t\t\t\t\t<rs-slides>\n\t\t\t\t\t\t<rs-slide data-key=\"rs-50\" data-title=\"Slide\" data-anim=\"ei:d;eo:d;s:1000;r:0;t:fade;sl:0;\">\n\t\t\t\t\t\t\t<img decoding=\"async\" src=\"\/\/remy-an-noemie.lu\/wp-content\/plugins\/revslider\/public\/assets\/assets\/transparent.png\" title=\"B\u00e4ckerei\" class=\"rev-slidebg\" data-no-retina>\n<!--\n\t\t\t\t\t\t\t--><rs-layer\n\t\t\t\t\t\t\t\tid=\"slider-10-slide-50-layer-2\" \n\t\t\t\t\t\t\t\tdata-type=\"image\"\n\t\t\t\t\t\t\t\tdata-rsp_ch=\"on\"\n\t\t\t\t\t\t\t\tdata-xy=\"x:-357px;y:-152px;\"\n\t\t\t\t\t\t\t\tdata-text=\"w:normal;\"\n\t\t\t\t\t\t\t\tdata-dim=\"w:1974px;h:1316px;\"\n\t\t\t\t\t\t\t\tdata-frame_999=\"o:0;st:w;\"\n\t\t\t\t\t\t\t\tstyle=\"z-index:5;\"\n\t\t\t\t\t\t\t><img loading=\"lazy\" decoding=\"async\" src=\"\/\/remy-an-noemie.lu\/wp-content\/uploads\/2020\/12\/RN-Web-DSC05880-Spelzbrout.jpg\" width=\"2048\" height=\"1365\" data-no-retina> \n\t\t\t\t\t\t\t<\/rs-layer><!--\n-->\t\t\t\t\t\t<\/rs-slide>\n\t\t\t\t\t\t<rs-slide data-key=\"rs-54\" data-title=\"Slide\" data-anim=\"ei:d;eo:d;s:1000;r:0;t:fade;sl:0;\">\n\t\t\t\t\t\t\t<img decoding=\"async\" src=\"\/\/remy-an-noemie.lu\/wp-content\/plugins\/revslider\/public\/assets\/assets\/transparent.png\" title=\"B\u00e4ckerei\" class=\"rev-slidebg\" data-no-retina>\n<!--\n\t\t\t\t\t\t\t--><rs-layer\n\t\t\t\t\t\t\t\tid=\"slider-10-slide-54-layer-1\" \n\t\t\t\t\t\t\t\tdata-type=\"image\"\n\t\t\t\t\t\t\t\tdata-rsp_ch=\"on\"\n\t\t\t\t\t\t\t\tdata-xy=\"x:-333px;y:-161px;\"\n\t\t\t\t\t\t\t\tdata-text=\"w:normal;\"\n\t\t\t\t\t\t\t\tdata-dim=\"w:1919px;h:1279px;\"\n\t\t\t\t\t\t\t\tdata-frame_999=\"o:0;st:w;\"\n\t\t\t\t\t\t\t\tstyle=\"z-index:5;\"\n\t\t\t\t\t\t\t><img loading=\"lazy\" decoding=\"async\" src=\"\/\/remy-an-noemie.lu\/wp-content\/uploads\/2021\/04\/RN-Web-DSC06011-5-Kaeren-Breitchen.jpg\" width=\"2048\" height=\"1365\" data-no-retina> \n\t\t\t\t\t\t\t<\/rs-layer><!--\n-->\t\t\t\t\t\t<\/rs-slide>\n\t\t\t\t\t\t<rs-slide data-key=\"rs-55\" data-title=\"Slide\" data-anim=\"ei:d;eo:d;s:1000;r:0;t:fade;sl:0;\">\n\t\t\t\t\t\t\t<img decoding=\"async\" src=\"\/\/remy-an-noemie.lu\/wp-content\/plugins\/revslider\/public\/assets\/assets\/transparent.png\" title=\"B\u00e4ckerei\" class=\"rev-slidebg\" data-no-retina>\n<!--\n\t\t\t\t\t\t\t--><rs-layer\n\t\t\t\t\t\t\t\tid=\"slider-10-slide-55-layer-3\" \n\t\t\t\t\t\t\t\tdata-type=\"image\"\n\t\t\t\t\t\t\t\tdata-rsp_ch=\"on\"\n\t\t\t\t\t\t\t\tdata-xy=\"x:-347px;y:-262px;\"\n\t\t\t\t\t\t\t\tdata-text=\"w:normal;\"\n\t\t\t\t\t\t\t\tdata-dim=\"w:1920px;h:1280px;\"\n\t\t\t\t\t\t\t\tdata-frame_999=\"o:0;st:w;\"\n\t\t\t\t\t\t\t\tstyle=\"z-index:5;\"\n\t\t\t\t\t\t\t><img loading=\"lazy\" decoding=\"async\" src=\"\/\/remy-an-noemie.lu\/wp-content\/uploads\/2021\/02\/RN-Web-DSC06181-Baguette.jpg\" width=\"2048\" height=\"1365\" data-no-retina> \n\t\t\t\t\t\t\t<\/rs-layer><!--\n-->\t\t\t\t\t\t<\/rs-slide>\n\t\t\t\t\t<\/rs-slides>\n\t\t\t\t\t<rs-progress class=\"rs-bottom\" style=\"visibility: hidden !important;\"><\/rs-progress>\n\t\t\t\t<\/rs-module>\n\t\t\t\t<script type=\"text\/javascript\">\n\t\t\t\t\tsetREVStartSize({c: 'rev_slider_10_1',rl:[1240,1024,778,480],el:[700],gw:[1240],gh:[700],type:'standard',justify:'',layout:'fullwidth',mh:\"0\"});\n\t\t\t\t\tvar\trevapi10,\n\t\t\t\t\t\ttpj;\n\t\t\t\t\tjQuery(function() {\n\t\t\t\t\t\ttpj = jQuery;\n\t\t\t\t\t\tif(tpj(\"#rev_slider_10_1\").revolution == undefined){\n\t\t\t\t\t\t\trevslider_showDoubleJqueryError(\"#rev_slider_10_1\");\n\t\t\t\t\t\t}else{\n\t\t\t\t\t\t\trevapi10 = tpj(\"#rev_slider_10_1\").show().revolution({\n\t\t\t\t\t\t\t\tjsFileLocation:\"\/\/remy-an-noemie.lu\/wp-content\/plugins\/revslider\/public\/assets\/js\/\",\n\t\t\t\t\t\t\t\tvisibilityLevels:\"1240,1024,778,480\",\n\t\t\t\t\t\t\t\tgridwidth:1240,\n\t\t\t\t\t\t\t\tgridheight:700,\n\t\t\t\t\t\t\t\tspinner:\"spinner0\",\n\t\t\t\t\t\t\t\teditorheight:\"700,768,960,720\",\n\t\t\t\t\t\t\t\tresponsiveLevels:\"1240,1024,778,480\",\n\t\t\t\t\t\t\t\tdisableProgressBar:\"on\",\n\t\t\t\t\t\t\t\tnavigation: {\n\t\t\t\t\t\t\t\t\tmouseScrollNavigation:false,\n\t\t\t\t\t\t\t\t\tonHoverStop:false,\n\t\t\t\t\t\t\t\t\tbullets: {\n\t\t\t\t\t\t\t\t\t\tenable:true,\n\t\t\t\t\t\t\t\t\t\ttmp:\"<span class=\\\"tp-bullet-inner\\\"><\/span>\",\n\t\t\t\t\t\t\t\t\t\tstyle:\"uranus\",\n\t\t\t\t\t\t\t\t\t\tspace:10\n\t\t\t\t\t\t\t\t\t}\n\t\t\t\t\t\t\t\t},\n\t\t\t\t\t\t\t\tfallbacks: {\n\t\t\t\t\t\t\t\t\tallowHTML5AutoPlayOnAndroid:true\n\t\t\t\t\t\t\t\t},\n\t\t\t\t\t\t\t});\n\t\t\t\t\t\t}\n\t\t\t\t\t\t\n\t\t\t\t\t});\n\t\t\t\t<\/script>\n\t\t\t\t<script>\n\t\t\t\t\tvar htmlDivCss = unescape(\"%23rev_slider_10_1_wrapper%20.uranus%20.tp-bullet%7B%0A%20%20border-radius%3A%2050%25%3B%0A%20%20box-shadow%3A%200%200%200%202px%20rgba%28255%2C255%2C255%2C0%29%3B%0A%20%20-webkit-transition%3A%20box-shadow%200.3s%20ease%3B%0A%20%20transition%3A%20box-shadow%200.3s%20ease%3B%0A%20%20background%3Atransparent%3B%0A%20%20width%3A15px%3B%0A%20%20height%3A15px%3B%0A%7D%0A%23rev_slider_10_1_wrapper%20.uranus%20.tp-bullet.selected%2C%0A%23rev_slider_10_1_wrapper%20.uranus%20.tp-bullet%3Ahover%20%7B%0A%20%20box-shadow%3A%200%200%200%202px%20rgba%28255%2C255%2C255%2C1%29%3B%0A%20%20border%3Anone%3B%0A%20%20border-radius%3A%2050%25%3B%0A%20%20background%3Atransparent%3B%0A%7D%0A%0A%23rev_slider_10_1_wrapper%20.uranus%20.tp-bullet-inner%20%7B%0A%20%20-webkit-transition%3A%20background-color%200.3s%20ease%2C%20-webkit-transform%200.3s%20ease%3B%0A%20%20transition%3A%20background-color%200.3s%20ease%2C%20transform%200.3s%20ease%3B%0A%20%20top%3A%200%3B%0A%20%20left%3A%200%3B%0A%20%20width%3A%20100%25%3B%0A%20%20height%3A%20100%25%3B%0A%20%20outline%3A%20none%3B%0A%20%20border-radius%3A%2050%25%3B%0A%20%20background-color%3A%20rgba%28255%2C255%2C255%2C0%29%3B%0A%20%20background-color%3A%20rgba%28255%2C255%2C255%2C0.3%29%3B%0A%20%20text-indent%3A%20-999em%3B%0A%20%20cursor%3A%20pointer%3B%0A%20%20position%3A%20absolute%3B%0A%7D%0A%0A%23rev_slider_10_1_wrapper%20.uranus%20.tp-bullet.selected%20.tp-bullet-inner%2C%0A%23rev_slider_10_1_wrapper%20.uranus%20.tp-bullet%3Ahover%20.tp-bullet-inner%7B%0A%20transform%3A%20scale%280.4%29%3B%0A%20-webkit-transform%3A%20scale%280.4%29%3B%0A%20background-color%3Argba%28255%2C255%2C255%2C1%29%3B%0A%7D%0A\");\n\t\t\t\t\tvar htmlDiv = document.getElementById('rs-plugin-settings-inline-css');\n\t\t\t\t\tif(htmlDiv) {\n\t\t\t\t\t\thtmlDiv.innerHTML = htmlDiv.innerHTML + htmlDivCss;\n\t\t\t\t\t}else{\n\t\t\t\t\t\tvar htmlDiv = document.createElement('div');\n\t\t\t\t\t\thtmlDiv.innerHTML = '<style>' + htmlDivCss + '<\/style>';\n\t\t\t\t\t\tdocument.getElementsByTagName('head')[0].appendChild(htmlDiv.childNodes[0]);\n\t\t\t\t\t}\n\t\t\t\t<\/script>\n\t\t\t\t<script>\n\t\t\t\t\tvar htmlDivCss = unescape(\"%0A%0A%0A\");\n\t\t\t\t\tvar htmlDiv = document.getElementById('rs-plugin-settings-inline-css');\n\t\t\t\t\tif(htmlDiv) {\n\t\t\t\t\t\thtmlDiv.innerHTML = htmlDiv.innerHTML + htmlDivCss;\n\t\t\t\t\t}else{\n\t\t\t\t\t\tvar htmlDiv = document.createElement('div');\n\t\t\t\t\t\thtmlDiv.innerHTML = '<style>' + htmlDivCss + '<\/style>';\n\t\t\t\t\t\tdocument.getElementsByTagName('head')[0].appendChild(htmlDiv.childNodes[0]);\n\t\t\t\t\t}\n\t\t\t\t<\/script>\n\t\t\t<\/rs-module-wrap>\n\t\t\t<!-- END REVOLUTION SLIDER -->\n[\/vc_column][\/vc_row][vc_row el_class=&#8221;products-intro&#8221;][vc_column]<div class=\"sc_section aligncenter\"><div class=\"sc_section_inner\">[vc_custom_heading text=&#8221;B\u00e4ckerei&#8221; font_container=&#8221;tag:h2|text_align:center|color:%233b3b3b&#8221; use_theme_fonts=&#8221;yes&#8221; el_class=&#8221;products-intro-headline&#8221;]<figure class=\"sc_image  sc_image_shape_square signet margin_right_medium margin_left_medium\"><img decoding=\"async\" src=\"https:\/\/remy-an-noemie.lu\/wp-content\/uploads\/2020\/12\/flowers.png\" alt=\"\" \/><\/figure><\/div><\/div>[\/vc_column][\/vc_row][vc_row el_class=&#8221;products-category-block&#8221;][vc_column][vc_row_inner][vc_column_inner width=&#8221;1\/2&#8243;][vc_single_image image=&#8221;2360&#8243; img_size=&#8221;full&#8221;][\/vc_column_inner][vc_column_inner el_class=&#8221;products-category-block-text&#8221; width=&#8221;1\/2&#8243;][vc_column_text]<\/p>\n<h3>Brout<\/h3>\n<p>Brout ass Handwierk, Brout heescht Traditioun!<\/p>\n<p>Eist Brout geet no den ale Methoden hiergestallt. Mir g\u00ebnnen eisen Deeger vill Z\u00e4it, verschaffen eis eege Sauerdeeger a baken all eenzelt Brout ganz vun Hand!<\/p>\n<p>Ee Maufel Brout geet duer, fir sech ze iwwerzeegen: Qualit\u00e9it, d\u00e9i ee schmaacht an dat ganz ouni Zousazstoffer![\/vc_column_text][\/vc_column_inner][\/vc_row_inner]<div class=\"sc_toggles toggle-products \"><div class=\"sc_toggles_item odd first\"><h5 class=\"sc_toggles_title\"><span class=\"sc_toggles_icon sc_toggles_icon_closed icon-plus\"><\/span><span class=\"sc_toggles_icon sc_toggles_icon_opened icon-minus\"><\/span>Produkte anzeigen<\/h5><div class=\"sc_toggles_content\"><div class=\"woocommerce columns-3 \"><ul class=\"products columns-3\">\n<li class=\"product type-product post-1155 status-publish first outofstock product_cat-baeckerei-lb product_cat-brout has-post-thumbnail virtual product-type-simple\">\n\t<a href=\"https:\/\/remy-an-noemie.lu\/lb\/produit\/wurzelbrot\/\" class=\"button addtocartbutton\">M\u00e9i dozou<\/a><\/li>\n<li class=\"product type-product post-1188 status-publish instock product_cat-baeckerei-lb product_cat-brout has-post-thumbnail shipping-taxable product-type-simple\">\n\t<a href=\"https:\/\/remy-an-noemie.lu\/lb\/produit\/waeisst-brout\/\" class=\"button addtocartbutton\">M\u00e9i dozou<\/a><\/li>\n<li class=\"product type-product post-2004 status-publish last instock product_cat-baeckerei-lb product_cat-brout has-post-thumbnail shipping-taxable product-type-simple\">\n\t<a href=\"https:\/\/remy-an-noemie.lu\/lb\/produit\/bauernbrot\/\" class=\"button addtocartbutton\">M\u00e9i dozou<\/a><\/li>\n<li class=\"product type-product post-2005 status-publish first instock product_cat-baeckerei-lb product_cat-brout has-post-thumbnail shipping-taxable product-type-simple\">\n\t<a href=\"https:\/\/remy-an-noemie.lu\/lb\/produit\/dinkelbrot\/\" class=\"button addtocartbutton\">M\u00e9i dozou<\/a><\/li>\n<li class=\"product type-product post-2006 status-publish instock product_cat-baeckerei-lb product_cat-brout has-post-thumbnail shipping-taxable product-type-simple\">\n\t<a href=\"https:\/\/remy-an-noemie.lu\/lb\/produit\/digeste-brote\/\" class=\"button addtocartbutton\">M\u00e9i dozou<\/a><\/li>\n<li class=\"product type-product post-2007 status-publish last instock product_cat-baeckerei-lb product_cat-brout has-post-thumbnail shipping-taxable product-type-simple\">\n\t<a href=\"https:\/\/remy-an-noemie.lu\/lb\/produit\/koernerbrot\/\" class=\"button addtocartbutton\">M\u00e9i dozou<\/a><\/li>\n<li class=\"product type-product post-2009 status-publish first instock product_cat-baeckerei-lb product_cat-brout has-post-thumbnail shipping-taxable product-type-simple\">\n\t<a href=\"https:\/\/remy-an-noemie.lu\/lb\/produit\/traditionelle-baguette\/\" class=\"button addtocartbutton\">M\u00e9i dozou<\/a><\/li>\n<li class=\"product type-product post-2010 status-publish instock product_cat-breidercher product_cat-brout shipping-taxable product-type-simple\">\n\t<a href=\"https:\/\/remy-an-noemie.lu\/lb\/produit\/weisses-schnittbroetchen\/\" class=\"button addtocartbutton\">M\u00e9i dozou<\/a><\/li>\n<\/ul>\n<\/div><\/div><\/div><\/div>[\/vc_column][\/vc_row][vc_row el_class=&#8221;products-category-block&#8221;][vc_column][vc_row_inner][vc_column_inner width=&#8221;1\/2&#8243;][vc_single_image image=&#8221;2365&#8243; img_size=&#8221;full&#8221;][\/vc_column_inner][vc_column_inner el_class=&#8221;products-category-block-text&#8221; width=&#8221;1\/2&#8243;][vc_column_text]<\/p>\n<h3>Br\u00e9idercher<\/h3>\n<p>Fr\u00ebsche Br\u00e9idercher moies, verdreiwen Trauer a Suergen.<\/p>\n<p>Genau ew\u00e9i eist Brout, ginn eis Br\u00e9idercher vun Hand an no aler Traditioun hiergestallt.<\/p>\n<p>Knuspereg an \u00ebmmer lecker![\/vc_column_text][\/vc_column_inner][\/vc_row_inner]<div class=\"sc_toggles toggle-products \"><div class=\"sc_toggles_item odd first\"><h5 class=\"sc_toggles_title\"><span class=\"sc_toggles_icon sc_toggles_icon_closed icon-plus\"><\/span><span class=\"sc_toggles_icon sc_toggles_icon_opened icon-minus\"><\/span>Produkte anzeigen<\/h5><div class=\"sc_toggles_content\"><div class=\"woocommerce columns-3 \"><ul class=\"products columns-3\">\n<li class=\"product type-product post-2011 status-publish first instock product_cat-baeckerei-lb product_cat-breidercher shipping-taxable product-type-simple\">\n\t<a href=\"https:\/\/remy-an-noemie.lu\/lb\/produit\/bauernbroetchen\/\" class=\"button addtocartbutton\">M\u00e9i dozou<\/a><\/li>\n<li class=\"product type-product post-2016 status-publish instock product_cat-baeckerei-lb product_cat-breidercher shipping-taxable product-type-simple\">\n\t<a href=\"https:\/\/remy-an-noemie.lu\/lb\/produit\/demi-briochebroetchen\/\" class=\"button addtocartbutton\">M\u00e9i dozou<\/a><\/li>\n<li class=\"product type-product post-2015 status-publish last instock product_cat-baeckerei-lb product_cat-breidercher shipping-taxable product-type-simple\">\n\t<a href=\"https:\/\/remy-an-noemie.lu\/lb\/produit\/kaiser-handsemmel\/\" class=\"button addtocartbutton\">M\u00e9i dozou<\/a><\/li>\n<li class=\"product type-product post-2014 status-publish first instock product_cat-baeckerei-lb product_cat-breidercher has-post-thumbnail shipping-taxable product-type-simple\">\n\t<a href=\"https:\/\/remy-an-noemie.lu\/lb\/produit\/koernerbroetchen\/\" class=\"button addtocartbutton\">M\u00e9i dozou<\/a><\/li>\n<li class=\"product type-product post-2017 status-publish instock product_cat-baeckerei-lb product_cat-breidercher has-post-thumbnail shipping-taxable product-type-simple\">\n\t<a href=\"https:\/\/remy-an-noemie.lu\/lb\/produit\/mohnbroetchen\/\" class=\"button addtocartbutton\">M\u00e9i dozou<\/a><\/li>\n<li class=\"product type-product post-2012 status-publish last instock product_cat-baeckerei-lb product_cat-breidercher has-post-thumbnail shipping-taxable product-type-simple\">\n\t<a href=\"https:\/\/remy-an-noemie.lu\/lb\/produit\/ciabattabroetchen\/\" class=\"button addtocartbutton\">M\u00e9i dozou<\/a><\/li>\n<li class=\"product type-product post-2010 status-publish first instock product_cat-breidercher product_cat-brout shipping-taxable product-type-simple\">\n\t<a href=\"https:\/\/remy-an-noemie.lu\/lb\/produit\/weisses-schnittbroetchen\/\" class=\"button addtocartbutton\">M\u00e9i dozou<\/a><\/li>\n<\/ul>\n<\/div><\/div><\/div><\/div>[\/vc_column][\/vc_row][vc_row el_class=&#8221;products-category-block&#8221;][vc_column][vc_row_inner][vc_column_inner width=&#8221;1\/2&#8243;][vc_single_image image=&#8221;2370&#8243; img_size=&#8221;full&#8221;][\/vc_column_inner][vc_column_inner el_class=&#8221;products-category-block-text&#8221; width=&#8221;1\/2&#8243;][vc_column_text]<\/p>\n<h3>M\u00ebtschen<\/h3>\n<p>Ee Croissant, w\u00e9i vu Par\u00e4is<\/p>\n<p>Den Dag f\u00e4nkt am beschte mat engem gudde Croissant un! Dofir propos\u00e9iere mir Iech ee vun Hand gerullte Croissant, an dem mir, ew\u00e9i an all eise M\u00ebtschen, n\u00ebmme beschte l\u00ebtzebuergesche Botter verschaffen.<\/p>\n<p>Ee Biss geet duer fir vum Aroma verfouert ze ginn![\/vc_column_text][\/vc_column_inner][\/vc_row_inner]<div class=\"sc_toggles toggle-products \"><div class=\"sc_toggles_item odd first\"><h5 class=\"sc_toggles_title\"><span class=\"sc_toggles_icon sc_toggles_icon_closed icon-plus\"><\/span><span class=\"sc_toggles_icon sc_toggles_icon_opened icon-minus\"><\/span>Produkte anzeigen<\/h5><div class=\"sc_toggles_content\"><div class=\"woocommerce columns-3 \"><ul class=\"products columns-3\">\n<li class=\"product type-product post-2028 status-publish first instock product_cat-baeckerei-lb product_cat-metschen has-post-thumbnail shipping-taxable product-type-simple\">\n\t<a href=\"https:\/\/remy-an-noemie.lu\/lb\/produit\/aachtchen\/\" class=\"button addtocartbutton\">M\u00e9i dozou<\/a><\/li>\n<li class=\"product type-product post-2038 status-publish instock product_cat-baeckerei-lb product_cat-metschen has-post-thumbnail shipping-taxable product-type-simple\">\n\t<a href=\"https:\/\/remy-an-noemie.lu\/lb\/produit\/apfel-chausson\/\" class=\"button addtocartbutton\">M\u00e9i dozou<\/a><\/li>\n<li class=\"product type-product post-2031 status-publish last instock product_cat-baeckerei-lb product_cat-metschen has-post-thumbnail shipping-taxable product-type-simple\">\n\t<a href=\"https:\/\/remy-an-noemie.lu\/lb\/produit\/apfelschnecke\/\" class=\"button addtocartbutton\">M\u00e9i dozou<\/a><\/li>\n<li class=\"product type-product post-2032 status-publish first instock product_cat-baeckerei-lb product_cat-metschen has-post-thumbnail shipping-taxable product-type-simple\">\n\t<a href=\"https:\/\/remy-an-noemie.lu\/lb\/produit\/apfeltasche\/\" class=\"button addtocartbutton\">M\u00e9i dozou<\/a><\/li>\n<li class=\"product type-product post-2034 status-publish instock product_cat-baeckerei-lb product_cat-metschen has-post-thumbnail shipping-taxable product-type-simple\">\n\t<a href=\"https:\/\/remy-an-noemie.lu\/lb\/produit\/bretzel\/\" class=\"button addtocartbutton\">M\u00e9i dozou<\/a><\/li>\n<li class=\"product type-product post-2024 status-publish last instock product_cat-baeckerei-lb product_cat-metschen product_tag-croissant-lb has-post-thumbnail shipping-taxable product-type-simple\">\n\t<a href=\"https:\/\/remy-an-noemie.lu\/lb\/produit\/croissant\/\" class=\"button addtocartbutton\">M\u00e9i dozou<\/a><\/li>\n<li class=\"product type-product post-2025 status-publish first instock product_cat-baeckerei-lb product_cat-metschen has-post-thumbnail shipping-taxable product-type-simple\">\n\t<a href=\"https:\/\/remy-an-noemie.lu\/lb\/produit\/nutellacroissant\/\" class=\"button addtocartbutton\">M\u00e9i dozou<\/a><\/li>\n<li class=\"product type-product post-2027 status-publish instock product_cat-baeckerei-lb product_cat-metschen has-post-thumbnail shipping-taxable product-type-simple\">\n\t<a href=\"https:\/\/remy-an-noemie.lu\/lb\/produit\/pralinecroissant\/\" class=\"button addtocartbutton\">M\u00e9i dozou<\/a><\/li>\n<li class=\"product type-product post-2030 status-publish last instock product_cat-baeckerei-lb product_cat-metschen has-post-thumbnail shipping-taxable product-type-simple\">\n\t<a href=\"https:\/\/remy-an-noemie.lu\/lb\/produit\/rosinenschnecke\/\" class=\"button addtocartbutton\">M\u00e9i dozou<\/a><\/li>\n<li class=\"product type-product post-2029 status-publish first instock product_cat-baeckerei-lb product_cat-metschen has-post-thumbnail shipping-taxable product-type-simple\">\n\t<a href=\"https:\/\/remy-an-noemie.lu\/lb\/produit\/pain-au-chocolat\/\" class=\"button addtocartbutton\">M\u00e9i dozou<\/a><\/li>\n<li class=\"product type-product post-2037 status-publish instock product_cat-baeckerei-lb product_cat-metschen has-post-thumbnail shipping-taxable product-type-simple\">\n\t<a href=\"https:\/\/remy-an-noemie.lu\/lb\/produit\/schuedi\/\" class=\"button addtocartbutton\">M\u00e9i dozou<\/a><\/li>\n<li class=\"product type-product post-2036 status-publish last instock product_cat-baeckerei-lb product_cat-metschen has-post-thumbnail shipping-taxable product-type-simple\">\n\t<a href=\"https:\/\/remy-an-noemie.lu\/lb\/produit\/streusel-2\/\" class=\"button addtocartbutton\">M\u00e9i dozou<\/a><\/li>\n<li class=\"product type-product post-2033 status-publish first instock product_cat-baeckerei-lb product_cat-metschen has-post-thumbnail shipping-taxable product-type-simple\">\n\t<a href=\"https:\/\/remy-an-noemie.lu\/lb\/produit\/twist\/\" class=\"button addtocartbutton\">M\u00e9i dozou<\/a><\/li>\n<\/ul>\n<\/div><\/div><\/div><\/div>[\/vc_column][\/vc_row][vc_row el_class=&#8221;products-category-block&#8221;][vc_column][vc_row_inner][vc_column_inner width=&#8221;1\/2&#8243;][vc_single_image image=&#8221;2239&#8243; img_size=&#8221;full&#8221;][\/vc_column_inner][vc_column_inner el_class=&#8221;products-category-block-text&#8221; width=&#8221;1\/2&#8243;][vc_column_text]<\/p>\n<h3>Brioche<\/h3>\n<p>Bei eise Briochen a Kramike lee\u00eb mir grousse W\u00e4ert op de G\u00f4ut an d\u2018Fr\u00ebschhaltung. Fir dat ze garant\u00e9ieren, g\u00ebnne mir eisen Deeger vill Rou a verschaffen n\u00ebmme l\u00ebtzebuergesche Botter.[\/vc_column_text][\/vc_column_inner][\/vc_row_inner]<div class=\"sc_toggles toggle-products \"><div class=\"sc_toggles_item odd first\"><h5 class=\"sc_toggles_title\"><span class=\"sc_toggles_icon sc_toggles_icon_closed icon-plus\"><\/span><span class=\"sc_toggles_icon sc_toggles_icon_opened icon-minus\"><\/span>Produkte anzeigen<\/h5><div class=\"sc_toggles_content\"><div class=\"woocommerce columns-3 \"><ul class=\"products columns-3\">\n<li class=\"product type-product post-2045 status-publish first instock product_cat-baeckerei-lb product_cat-brioche-lb shipping-taxable product-type-simple\">\n\t<a href=\"https:\/\/remy-an-noemie.lu\/lb\/produit\/butterzopf\/\" class=\"button addtocartbutton\">M\u00e9i dozou<\/a><\/li>\n<li class=\"product type-product post-2042 status-publish instock product_cat-baeckerei-lb product_cat-brioche-lb has-post-thumbnail shipping-taxable product-type-simple\">\n\t<a href=\"https:\/\/remy-an-noemie.lu\/lb\/produit\/brioche\/\" class=\"button addtocartbutton\">M\u00e9i dozou<\/a><\/li>\n<li class=\"product type-product post-2039 status-publish last instock product_cat-baeckerei-lb product_cat-brioche-lb has-post-thumbnail shipping-taxable product-type-simple\">\n\t<a href=\"https:\/\/remy-an-noemie.lu\/lb\/produit\/kramik\/\" class=\"button addtocartbutton\">M\u00e9i dozou<\/a><\/li>\n<li class=\"product type-product post-2043 status-publish first instock product_cat-baeckerei-lb product_cat-brioche-lb shipping-taxable product-type-simple\">\n\t<a href=\"https:\/\/remy-an-noemie.lu\/lb\/produit\/praline-brioche\/\" class=\"button addtocartbutton\">M\u00e9i dozou<\/a><\/li>\n<li class=\"product type-product post-2044 status-publish instock product_cat-baeckerei-lb product_cat-brioche-lb has-post-thumbnail shipping-taxable product-type-simple\">\n\t<a href=\"https:\/\/remy-an-noemie.lu\/lb\/produit\/schneckenkuchen\/\" class=\"button addtocartbutton\">M\u00e9i dozou<\/a><\/li>\n<\/ul>\n<\/div><\/div><\/div><\/div>[\/vc_column][\/vc_row]<\/p>\n","protected":false},"excerpt":{"rendered":"<p>[vc_row full_width=&#8221;stretch_row_content_no_spaces&#8221;][vc_column][\/vc_column][\/vc_row][vc_row el_class=&#8221;products-intro&#8221;][vc_column][\/vc_column][\/vc_row][vc_row el_class=&#8221;products-category-block&#8221;][vc_column][vc_row_inner][vc_column_inner width=&#8221;1\/2&#8243;][vc_single_image image=&#8221;2360&#8243; img_size=&#8221;full&#8221;][\/vc_column_inner][vc_column_inner el_class=&#8221;products-category-block-text&#8221; width=&#8221;1\/2&#8243;][vc_column_text] Brout Brout ass Handwierk, Brout heescht Traditioun! Eist Brout geet no den ale Methoden hiergestallt. Mir g\u00ebnnen eisen Deeger vill Z\u00e4it, verschaffen eis eege Sauerdeeger a baken all eenzelt Brout ganz vun Hand! Ee Maufel Brout geet duer, fir sech ze iwwerzeegen: Qualit\u00e9it, d\u00e9i ee schmaacht [&hellip;]<\/p>\n","protected":false},"author":1,"featured_media":0,"parent":1273,"menu_order":0,"comment_status":"closed","ping_status":"closed","template":"","meta":{"footnotes":""},"class_list":["post-1196","page","type-page","status-publish","hentry"],"_links":{"self":[{"href":"https:\/\/remy-an-noemie.lu\/lb\/wp-json\/wp\/v2\/pages\/1196","targetHints":{"allow":["GET"]}}],"collection":[{"href":"https:\/\/remy-an-noemie.lu\/lb\/wp-json\/wp\/v2\/pages"}],"about":[{"href":"https:\/\/remy-an-noemie.lu\/lb\/wp-json\/wp\/v2\/types\/page"}],"author":[{"embeddable":true,"href":"https:\/\/remy-an-noemie.lu\/lb\/wp-json\/wp\/v2\/users\/1"}],"replies":[{"embeddable":true,"href":"https:\/\/remy-an-noemie.lu\/lb\/wp-json\/wp\/v2\/comments?post=1196"}],"version-history":[{"count":37,"href":"https:\/\/remy-an-noemie.lu\/lb\/wp-json\/wp\/v2\/pages\/1196\/revisions"}],"predecessor-version":[{"id":2510,"href":"https:\/\/remy-an-noemie.lu\/lb\/wp-json\/wp\/v2\/pages\/1196\/revisions\/2510"}],"up":[{"embeddable":true,"href":"https:\/\/remy-an-noemie.lu\/lb\/wp-json\/wp\/v2\/pages\/1273"}],"wp:attachment":[{"href":"https:\/\/remy-an-noemie.lu\/lb\/wp-json\/wp\/v2\/media?parent=1196"}],"curies":[{"name":"wp","href":"https:\/\/api.w.org\/{rel}","templated":true}]}}