
{"id":1032,"date":"2020-12-22T21:46:08","date_gmt":"2020-12-22T21:46:08","guid":{"rendered":"http:\/\/remy-an-noemie.lu\/iwwert-ons\/"},"modified":"2021-02-28T10:41:30","modified_gmt":"2021-02-28T10:41:30","slug":"iwwert-ons","status":"publish","type":"page","link":"https:\/\/remy-an-noemie.lu\/lb\/iwwert-ons\/","title":{"rendered":"Iwwert ons"},"content":{"rendered":"<p>[vc_row full_width=&#8221;stretch_row_content_no_spaces&#8221;][vc_column][rev_slider_vc alias=&#8221;about-us-slider&#8221;][\/vc_column][\/vc_row][vc_row el_class=&#8221;welcome-section&#8221;][vc_column]<div class=\"sc_section home-welcome  aligncenter\"><div class=\"sc_section_inner\">[vc_custom_heading text=&#8221;Iwwert eis&#8221; font_container=&#8221;tag:h2|text_align:center|color:%233b3b3a&#8221; use_theme_fonts=&#8221;yes&#8221;]<figure class=\"sc_image  sc_image_shape_square signet margin_right_medium margin_left_medium\"><img decoding=\"async\" src=\"https:\/\/remy-an-noemie.lu\/wp-content\/uploads\/2020\/12\/flowers.png\" alt=\"\" \/><\/figure>[vc_column_text]<br \/>\nL\u00e9ift zum Handwierk, respekt\u00e9iere vun Traditiounen an eng regional Verwuerzlung. Dat sinn d`W\u00e4erter, d\u00e9i mir verkierperen.<\/p>\n<p>Nodeem mir eist Handwierk zu L\u00ebtzebuerg an am Ausland erl\u00e9iert hunn, hu mir eis dozou entschloss, zesummen de Wee an d`Selbstst\u00e4nnegkeet ze woen. Et ass eist Ziel, eise Clienten all Dag d\u00e9i beschte Produkter unzebidden, d\u00e9i mir mat vill H\u00e4erzblutt an no all de Reegele vun der Bak-Konscht hierstellen.<\/p>\n<p><em>\u201eMat der Ouverture vun eiser eegener B\u00e4ckerei erf\u00eblle mir eis eise groussen Dram!\u201c<\/em><br \/>\n[\/vc_column_text]<\/div><\/div>[\/vc_column][\/vc_row][vc_row full_width=&#8221;stretch_row&#8221; css=&#8221;.vc_custom_1609077662200{background-color: #f4f5e3 !important;}&#8221; el_class=&#8221;welcome-section&#8221;][vc_column]<div class=\"sc_section home-welcome  aligncenter\"><div class=\"sc_section_inner\">[vc_custom_heading text=&#8221;Eis Equipe&#8221; font_container=&#8221;tag:h2|text_align:center|color:%233b3b3a&#8221; use_theme_fonts=&#8221;yes&#8221;]<figure class=\"sc_image  sc_image_shape_square signet margin_right_medium margin_left_medium\"><img decoding=\"async\" src=\"https:\/\/remy-an-noemie.lu\/wp-content\/uploads\/2020\/12\/flowers.png\" alt=\"\" \/><\/figure><div id=\"sc_team_769053272_wrap\" class=\"sc_team_wrap\"><div id=\"sc_team_769053272\" class=\"sc_team sc_team_style_team-3  sc_slider_nopagination sc_slider_nocontrols aligncenter\" style=\"width:100%;\" data-interval=\"5691\" data-slides-per-view=\"4\" data-slides-min-width=\"250\"><div class=\"sc_columns columns_wrap\"><div class=\"column-1_4 column_padding_bottom\">\t\t\t<div id=\"sc_team_769053272_1\"\t\t\t\tclass=\"sc_team_item sc_team_item_1 odd first\"\n\t\t\t\t>\n\t\t\t\t<div class=\"sc_team_item_avatar\"><img loading=\"lazy\" decoding=\"async\" class=\"wp-post-image\" width=\"370\" height=\"370\" alt=\"Noemie.jpg\" src=\"https:\/\/remy-an-noemie.lu\/wp-content\/uploads\/2016\/01\/Noemie-370x370.jpg\">\t\t\t\t\t<div class=\"sc_team_item_hover\">\n\t\t\t\t\t\t<div class=\"sc_team_item_socials\"><\/div>\n\t\t\t\t\t<\/div>\n\t\t\t\t<\/div>\n\t\t\t\t<div class=\"sc_team_item_info\">\n\t\t\t\t\t<h5 class=\"sc_team_item_title\"><a href=\"http:\/\/remy-an-noemie.lu\/team\/noemie-hengel\/\">No\u00e9mie Hengel<\/a><\/h5>\n\t\t\t\t\t<div class=\"sc_team_item_position\">Verkauf \u2013 Chocolaterie, Spezialtorten<\/div>\n\t\t\t\t<\/div>\n\t\t\t<\/div>\n\t\t<\/div><div class=\"column-1_4 column_padding_bottom\">\t\t\t<div id=\"sc_team_769053272_2\"\t\t\t\tclass=\"sc_team_item sc_team_item_2 even\"\n\t\t\t\t>\n\t\t\t\t<div class=\"sc_team_item_avatar\"><img loading=\"lazy\" decoding=\"async\" class=\"wp-post-image\" width=\"370\" height=\"370\" alt=\"remy.jpg\" src=\"https:\/\/remy-an-noemie.lu\/wp-content\/uploads\/2016\/01\/remy-370x370.jpg\">\t\t\t\t\t<div class=\"sc_team_item_hover\">\n\t\t\t\t\t\t<div class=\"sc_team_item_socials\"><\/div>\n\t\t\t\t\t<\/div>\n\t\t\t\t<\/div>\n\t\t\t\t<div class=\"sc_team_item_info\">\n\t\t\t\t\t<h5 class=\"sc_team_item_title\"><a href=\"http:\/\/remy-an-noemie.lu\/team\/remy-peters\/\">Remy Peters<\/a><\/h5>\n\t\t\t\t\t<div class=\"sc_team_item_position\">B\u00e4ckerei, Patisserie<\/div>\n\t\t\t\t<\/div>\n\t\t\t<\/div>\n\t\t<\/div><div class=\"column-1_4 column_padding_bottom\">\t\t\t<div id=\"sc_team_769053272_3\"\t\t\t\tclass=\"sc_team_item sc_team_item_3 odd\"\n\t\t\t\t>\n\t\t\t\t<div class=\"sc_team_item_avatar\"><img loading=\"lazy\" decoding=\"async\" class=\"wp-post-image\" width=\"370\" height=\"370\" alt=\"kevin.jpg\" src=\"https:\/\/remy-an-noemie.lu\/wp-content\/uploads\/2021\/02\/kevin-370x370.jpg\">\t\t\t\t\t<div class=\"sc_team_item_hover\">\n\t\t\t\t\t\t<div class=\"sc_team_item_socials\"><\/div>\n\t\t\t\t\t<\/div>\n\t\t\t\t<\/div>\n\t\t\t\t<div class=\"sc_team_item_info\">\n\t\t\t\t\t<h5 class=\"sc_team_item_title\"><a href=\"http:\/\/remy-an-noemie.lu\/team\/kevin-schmit\/\">Kevin Schmit<\/a><\/h5>\n\t\t\t\t\t<div class=\"sc_team_item_position\">B\u00e4ckerei, Traiteur<\/div>\n\t\t\t\t<\/div>\n\t\t\t<\/div>\n\t\t<\/div><\/div><\/div><!-- \/.sc_team --><\/div><!-- \/.sc_team_wrap --><\/div><\/div>[\/vc_column][\/vc_row]<\/p>\n","protected":false},"excerpt":{"rendered":"<p>[vc_row full_width=&#8221;stretch_row_content_no_spaces&#8221;][vc_column][rev_slider_vc alias=&#8221;about-us-slider&#8221;][\/vc_column][\/vc_row][vc_row el_class=&#8221;welcome-section&#8221;][vc_column][\/vc_column][\/vc_row][vc_row full_width=&#8221;stretch_row&#8221; css=&#8221;.vc_custom_1609077662200{background-color: #f4f5e3 !important;}&#8221; el_class=&#8221;welcome-section&#8221;][vc_column][\/vc_column][\/vc_row]<\/p>\n","protected":false},"author":1,"featured_media":0,"parent":0,"menu_order":0,"comment_status":"closed","ping_status":"closed","template":"","meta":{"footnotes":""},"class_list":["post-1032","page","type-page","status-publish","hentry"],"_links":{"self":[{"href":"https:\/\/remy-an-noemie.lu\/lb\/wp-json\/wp\/v2\/pages\/1032","targetHints":{"allow":["GET"]}}],"collection":[{"href":"https:\/\/remy-an-noemie.lu\/lb\/wp-json\/wp\/v2\/pages"}],"about":[{"href":"https:\/\/remy-an-noemie.lu\/lb\/wp-json\/wp\/v2\/types\/page"}],"author":[{"embeddable":true,"href":"https:\/\/remy-an-noemie.lu\/lb\/wp-json\/wp\/v2\/users\/1"}],"replies":[{"embeddable":true,"href":"https:\/\/remy-an-noemie.lu\/lb\/wp-json\/wp\/v2\/comments?post=1032"}],"version-history":[{"count":8,"href":"https:\/\/remy-an-noemie.lu\/lb\/wp-json\/wp\/v2\/pages\/1032\/revisions"}],"predecessor-version":[{"id":1411,"href":"https:\/\/remy-an-noemie.lu\/lb\/wp-json\/wp\/v2\/pages\/1032\/revisions\/1411"}],"wp:attachment":[{"href":"https:\/\/remy-an-noemie.lu\/lb\/wp-json\/wp\/v2\/media?parent=1032"}],"curies":[{"name":"wp","href":"https:\/\/api.w.org\/{rel}","templated":true}]}}